{"id":8,"date":"2017-01-29T06:56:09","date_gmt":"2017-01-29T06:56:09","guid":{"rendered":"http:\/\/spbshka.ru\/expeditor\/?page_id=8"},"modified":"2019-10-24T12:03:02","modified_gmt":"2019-10-24T12:03:02","slug":"homepage-3","status":"publish","type":"page","link":"https:\/\/ivmereklam.com\/","title":{"rendered":"Anasayfa"},"content":{"rendered":"<p>[vc_row css=&#8221;.vc_custom_1567355834606{margin-bottom: 0px !important;}&#8221;][vc_column][rev_slider_vc alias=&#8221;slider-video&#8221;][\/vc_column][\/vc_row][vc_row parallax=&#8221;content-moving-fade&#8221; css=&#8221;.vc_custom_1571918695665{margin-top: -150px !important;margin-bottom: 0px !important;padding-top: 70px !important;padding-bottom: 40px !important;}&#8221;][vc_column width=&#8221;1\/4&#8243;][vc_mad_banners title_font_size=&#8221;32&#8243; image=&#8221;1456&#8243; align=&#8221;center&#8221; title=&#8221;Dijital Bask\u0131&#8221; link=&#8221;url:https%3A%2F%2Fivmereklam.com%2Findex.php%2Fcontact%2F|title:TEKL%C4%B0F%20ALIN|target:%20_blank|&#8221;]\u0130\u00e7-D\u0131\u015f Mekan, tan\u0131t\u0131m ve reklamlar\u0131n\u0131z i\u00e7in profesyonel makine parkurumuzda, uzman kadromuz ile en kaliteli dijital bask\u0131 hizmetini sunuyoruz.[\/vc_mad_banners][\/vc_column][vc_column width=&#8221;1\/4&#8243;][vc_mad_banners title_font_size=&#8221;32&#8243; image=&#8221;1490&#8243; align=&#8221;center&#8221; title=&#8221;CNC Kesim&#8221; link=&#8221;url:https%3A%2F%2Fivmereklam.com%2Findex.php%2Fcontact%2F|title:TEKL%C4%B0F%20ALIN|target:%20_blank|&#8221;]MDF Kesim, Pleksi Kesim, Ah\u015fap Harfler, Duvar Panelleri, Dekoratif S\u00fcsler, Maketler, Hediyelikler gibi Cnc kesim alan\u0131nda hizmet vermekteyiz[\/vc_mad_banners][\/vc_column][vc_column width=&#8221;1\/4&#8243;][vc_mad_banners title_font_size=&#8221;32&#8243; image=&#8221;1491&#8243; align=&#8221;center&#8221; title=&#8221;Lazer Kesim&#8221; link=&#8221;url:https%3A%2F%2Fivmereklam.com%2Findex.php%2Fcontact%2F|title:TEKL%C4%B0F%20ALIN|target:%20_blank|&#8221;]\u0130vme Reklam olarak lazer kesim alan\u0131nda profesyonel makine parkurlar\u0131m\u0131z ile Ah\u015fap Oyma, Dekoratif \u00dcr\u00fcnler, Ah\u015fap Desen vb. hizmetler sunmaktay\u0131z[\/vc_mad_banners][\/vc_column][vc_column width=&#8221;1\/4&#8243;][vc_mad_banners title_font_size=&#8221;32&#8243; image=&#8221;1492&#8243; align=&#8221;center&#8221; title=&#8221;Strafor Kesim&#8221; link=&#8221;url:https%3A%2F%2Fivmereklam.com%2Findex.php%2Fcontact%2F|title:TEKL%C4%B0F%20ALIN|target:%20_blank|&#8221;]Ma\u011faza, A\u00e7\u0131l\u0131\u015f, Seminer, Fuar vb. alanlarda Harf Kesim, Maket, Tabela, Dekoratif \u015eekiller, \u00dcr\u00fcn Standlar\u0131 gibi strafor kesim hizmeti vermekteyiz.[\/vc_mad_banners][\/vc_column][\/vc_row][vc_row css=&#8221;.vc_custom_1488115330209{margin-bottom: 0px !important;padding-top: 70px !important;padding-bottom: 70px !important;}&#8221;][vc_column][vc_mad_custom_title title_top_color=&#8221;#aab3b6&#8243; title_color=&#8221;#2a2c32&#8243; align=&#8221;center&#8221; title_top=&#8221;\u0130VME REKLAM&#8221; title=&#8221;Nas\u0131l \u00c7al\u0131\u015f\u0131yoruz?&#8221;]\r\n\t\t\t\t\t\t\t\r\n\t\t\t\t\r\n\t\t\t<div class=\"process-box custom_process  type_1\">\r\n\t\t\t  \r\n\t\t\t\t\r\n\t\t\t<div class=\"step-item\">\r\n\r\n                <div class=\"step-icon\">\r\n                  <span class=\"step-number\">1<\/span>\r\n                  <div class=\"icon-holder\">\r\n\t\t\t\t  \r\n                    \t\t\t\t\r\n\t\t\t\t\t\t\t\t\t\t\t\t<i class=\"licon-headset\"><\/i>\r\n\t\t\t\t\t\t\t\t\t\t\r\n\t\t\t\t\t\t\t\t\t\r\n                  <\/div>\r\n                  <h6 class=\"step-name\"> Taleplerinizi Al\u0131yoruz<\/h6>\r\n                <\/div>\r\n            <\/div>\r\n\t\t\t\r\n\t\t\t\r\n\t\t\t\r\n\t\t\t<div class=\"step-item\">\r\n\r\n                <div class=\"step-icon\">\r\n                  <span class=\"step-number\">2<\/span>\r\n                  <div class=\"icon-holder\">\r\n\t\t\t\t  \r\n                    \t\t\t\t\r\n\t\t\t\t\t\t\t\t\t\t\t\t<i class=\"licon-desktop\"><\/i>\r\n\t\t\t\t\t\t\t\t\t\t\r\n\t\t\t\t\t\t\t\t\t\r\n                  <\/div>\r\n                  <h6 class=\"step-name\"> Tasar\u0131m\u0131n\u0131z\u0131 Haz\u0131rl\u0131yoruz<\/h6>\r\n                <\/div>\r\n            <\/div>\r\n\t\t\t\r\n\t\t\t\r\n\t\t\t\r\n\t\t\t<div class=\"step-item\">\r\n\r\n                <div class=\"step-icon\">\r\n                  <span class=\"step-number\">3<\/span>\r\n                  <div class=\"icon-holder\">\r\n\t\t\t\t  \r\n                    \t\t\t\t\r\n\t\t\t\t\t\t\t\t\t\t\t\t<i class=\"licon-phone-wave\"><\/i>\r\n\t\t\t\t\t\t\t\t\t\t\r\n\t\t\t\t\t\t\t\t\t\r\n                  <\/div>\r\n                  <h6 class=\"step-name\">Onay\u0131n\u0131z\u0131 Al\u0131yoruz<\/h6>\r\n                <\/div>\r\n            <\/div>\r\n\t\t\t\r\n\t\t\t\r\n\t\t\t\r\n\t\t\t<div class=\"step-item\">\r\n\r\n                <div class=\"step-icon\">\r\n                  <span class=\"step-number\">4<\/span>\r\n                  <div class=\"icon-holder\">\r\n\t\t\t\t  \r\n                    \t\t\t\t\r\n\t\t\t\t\t\t\t\t\t\t\t\t<i class=\"licon-stamp\"><\/i>\r\n\t\t\t\t\t\t\t\t\t\t\r\n\t\t\t\t\t\t\t\t\t\r\n                  <\/div>\r\n                  <h6 class=\"step-name\">\u00dcretimi Planl\u0131yoruz<\/h6>\r\n                <\/div>\r\n            <\/div>\r\n\t\t\t\r\n\t\t\t\r\n\t\t\t\t\t\t\t\r\n\t\t\t<\/div>\r\n\r\n\t\t\t\r\n\t\t\t\t\t\t\t\r\n\t\t\t\t\r\n\t\t\t<div class=\"process-box custom_process  type_2 box-reverse\">\r\n\t\t\t  \r\n\t\t\t\t\r\n\t\t\t<div class=\"step-item\">\r\n\r\n                <div class=\"step-icon\">\r\n                  <span class=\"step-number\">5<\/span>\r\n                  <div class=\"icon-holder\">\r\n\t\t\t\t  \r\n                    \t\t\t\t\r\n\t\t\t\t\t\t\t\t\t\t\t\t<i class=\"licon-box\"><\/i>\r\n\t\t\t\t\t\t\t\t\t\t\r\n\t\t\t\t\t\t\t\t\t\r\n                  <\/div>\r\n                  <h6 class=\"step-name\"> \u00dcretimi Ger\u00e7ekle\u015ftiriyoruz<\/h6>\r\n                <\/div>\r\n            <\/div>\r\n\t\t\t\r\n\t\t\t\r\n\t\t\t\r\n\t\t\t<div class=\"step-item\">\r\n\r\n                <div class=\"step-icon\">\r\n                  <span class=\"step-number\">6<\/span>\r\n                  <div class=\"icon-holder\">\r\n\t\t\t\t  \r\n                    \t\t\t\t\r\n\t\t\t\t\t\t\t\t\t\t\t\t<i class=\"licon-download\"><\/i>\r\n\t\t\t\t\t\t\t\t\t\t\r\n\t\t\t\t\t\t\t\t\t\r\n                  <\/div>\r\n                  <h6 class=\"step-name\">Montaj\u0131 Tamaml\u0131yoruz<\/h6>\r\n                <\/div>\r\n            <\/div>\r\n\t\t\t\r\n\t\t\t\r\n\t\t\t\r\n\t\t\t<div class=\"step-item\">\r\n\r\n                <div class=\"step-icon\">\r\n                  <span class=\"step-number\">7<\/span>\r\n                  <div class=\"icon-holder\">\r\n\t\t\t\t  \r\n                    \t\t\t\t\r\n\t\t\t\t\t\t\t\t\t\t\t\t<i class=\"licon-truck\"><\/i>\r\n\t\t\t\t\t\t\t\t\t\t\r\n\t\t\t\t\t\t\t\t\t\r\n                  <\/div>\r\n                  <h6 class=\"step-name\">Montaj\u0131 Tamaml\u0131yoruz<\/h6>\r\n                <\/div>\r\n            <\/div>\r\n\t\t\t\r\n\t\t\t\r\n\t\t\t\r\n\t\t\t<div class=\"step-item\">\r\n\r\n                <div class=\"step-icon\">\r\n                  <span class=\"step-number\">8<\/span>\r\n                  <div class=\"icon-holder\">\r\n\t\t\t\t  \r\n                    \t\t\t\t\r\n\t\t\t\t\t\t\t\t\t\t\t\t<i class=\"licon-enter\"><\/i>\r\n\t\t\t\t\t\t\t\t\t\t\r\n\t\t\t\t\t\t\t\t\t\r\n                  <\/div>\r\n                  <h6 class=\"step-name\">Kargo Bilgisi \u0130letiyoruz<\/h6>\r\n                <\/div>\r\n            <\/div>\r\n\t\t\t\r\n\t\t\t\r\n\t\t\t\t\t\t\t\r\n\t\t\t<\/div>\r\n\r\n\t\t\t[\/vc_column][\/vc_row][vc_row css=&#8221;.vc_custom_1489063385879{margin-bottom: 0px !important;padding-top: 70px !important;padding-bottom: 40px !important;}&#8221;][vc_column offset=&#8221;vc_col-lg-6 vc_col-md-12 vc_col-xs-12&#8243;][vc_mad_custom_title title_top_color=&#8221;#aab3b6&#8243; title_color=&#8221;#2a2c32&#8243; align=&#8221;center&#8221; title=&#8221;S\u0131k\u00e7a Sorulan Sorular&#8221;][vc_toggle title=&#8221;CNC kesim nedir?&#8221; el_id=&#8221;1488133801226-30f0e3fb-09fc&#8221;]Ah\u015fap, Pleksi, Al\u00fcminyum vb. malzemelerin kesilerek istenilen \u00fcr\u00fcn haline getirilmesine denir. Profesyonel CNC Kesim hizmeti vermekteyiz.[\/vc_toggle][vc_toggle title=&#8221;Lazer kesim Nedir ?&#8221; open=&#8221;true&#8221; el_id=&#8221;1488133844148-eb898f67-2827&#8243;]Lazer kesim ile kal\u0131ba ihtiya\u00e7 duymadan, oyma, kaz\u0131ma, kesme i\u015flemleri yap\u0131l\u0131r. Lazer kesim ile dekorlar, tan\u0131t\u0131m \u00fcr\u00fcnleri, ah\u015fap i\u015fleme gibi bir \u00e7ok hizmeti sizlere sunmaktay\u0131z.[\/vc_toggle][vc_toggle title=&#8221;Dijital Bask\u0131 Nedir ?&#8221; el_id=&#8221;1488133865339-67d7eed5-3286&#8243;]Dijital bask\u0131 merkezlerinde veya bilgisayar ortam\u0131nda haz\u0131rlanm\u0131\u015f tasar\u0131mlar\u0131n ve foto\u011fraflar\u0131n geli\u015fmi\u015f bask\u0131 teknolojileri ile kaliteli ve h\u0131zl\u0131 bir \u015fekilde de\u011fi\u015fik malzemeler \u00fczerine el de\u011fmeden bask\u0131s\u0131n\u0131n yap\u0131lmas\u0131na denir. Profesyonel makine parkurumuzda sizlere dijital bask\u0131 hizmeti vermekteyiz.[\/vc_toggle][vc_toggle title=&#8221;Nas\u0131l Sipari\u015f Verebilirim ?&#8221; el_id=&#8221;1488133883653-68586c18-721c&#8221;]Bizlerle ileti\u015fime ge\u00e7erek Dijital Bask\u0131, CNC Kesim \u00fcr\u00fcnler, Lazer Kesim, Matbaa \u00dcr\u00fcnleri, Tabelalar hakk\u0131nda daha detayl\u0131 bilgi alabilir veya sipari\u015finizi verebilirsiniz.[\/vc_toggle][vc_toggle title=&#8221;Sipari\u015f verdim \u015fimdi ne olacak?&#8221; el_id=&#8221;1488133896465-a476438a-6463&#8243;]Talebinizi ald\u0131ktan sonra sizler i\u00e7in profesyonel tasar\u0131m \u00e7al\u0131\u015fmas\u0131 haz\u0131rlamaktay\u0131z. Ard\u0131ndan sizlere sunup, onay\u0131n\u0131z\u0131 ald\u0131ktan sonra \u00fcretim a\u015famas\u0131na ge\u00e7mekteyiz. \u00dcretim a\u015famas\u0131 sonras\u0131nda montaj ve kurulum i\u00e7in planlama yapmaktay\u0131z. Bu s\u00fcre zarf\u0131nda sizlerle s\u00fcrekli ileti\u015fim halinde olmaktay\u0131z.[\/vc_toggle][vc_toggle title=&#8221;Hizmetlerinizin garantisi var m\u0131 ?&#8221; el_id=&#8221;1488133909625-a1aa19ae-0cc1&#8243;]Yapt\u0131raca\u011f\u0131n\u0131z \u00fcr\u00fcn\u00fcn garanti ve servisi hakk\u0131nda bizlere ula\u015farak detayl\u0131 bilgi alabilirsiniz.[\/vc_toggle][vc_toggle title=&#8221;Size nas\u0131l ula\u015f\u0131r\u0131m ?&#8221; el_id=&#8221;1488133920723-e58033bc-d8e9&#8243;]<strong>0462 888 6 444 <\/strong>Telefon numaram\u0131zdan veya <strong>info@ivmereklam.com <\/strong>mail adresimizden bizlerle ileti\u015fime ge\u00e7ebilirsiniz. Dilerseniz \u0130leti\u015fim sayfam\u0131zdaki formu doldurarak sizlere ula\u015fmam\u0131z\u0131 sa\u011flayabilirsiniz.[\/vc_toggle][\/vc_column][vc_column offset=&#8221;vc_col-lg-6 vc_col-md-12 vc_col-xs-12&#8243;][vc_mad_custom_title title_top_color=&#8221;#aab3b6&#8243; title_color=&#8221;#2a2c32&#8243; align=&#8221;center&#8221; title=&#8221;\u0130vme Reklam Hakk\u0131nda&#8221;][vc_column_text]<\/p>\n<div class=\"vc_row wpb_row vc_inner vc_row-fluid\">\n<div class=\"wpb_column vc_column_container vc_col-sm-12\">\n<div class=\"vc_column-inner \">\n<div class=\"wpb_wrapper\">\n<div class=\"wpb_text_column wpb_content_element \">\n<div class=\"wpb_wrapper\">\n<p><img loading=\"lazy\" decoding=\"async\" class=\"alignnone wp-image-1516\" src=\"https:\/\/ivmereklam.com\/wp-content\/uploads\/2019\/10\/ivm-300x36.png\" alt=\"\" width=\"383\" height=\"46\" \/><\/p>\n<p>\u0130vme Reklam 2013 y\u0131l\u0131nda kurulmu\u015f bir a\u00e7\u0131k hava reklamc\u0131l\u0131k markas\u0131d\u0131r. Trabzon b\u00f6lgesindeki kurumsal ve bireysel m\u00fc\u015fterilerine; I\u015f\u0131kl\u0131 ve I\u015f\u0131ks\u0131z Tabela, Dijital Bask\u0131, CNC Kesim \u00dcr\u00fcnleri, Lazer Kesim \u00dcr\u00fcnleri, Display \u00dcr\u00fcnler, Matbaa \u00dcr\u00fcnleri ba\u015fl\u0131klar\u0131nda hizmetler sunmaktad\u0131r.<\/p>\n<p>Reklam sekt\u00f6r\u00fcn\u00fcn gere\u011fi olan zamanla yar\u0131\u015f, i\u015f organizasyonu, iyi hizmeti en kaliteli \u015fekilde ihtiya\u00e7 duyulan her noktaya ula\u015ft\u0131rma amac\u0131yla kurulmu\u015f bir merkezdir.Geni\u015f format dijital bask\u0131lar, al\u00fcminyum, demir, one way vision, branda, folyo, kanvas, \u0131\u015f\u0131kl\u0131 ve \u0131\u015f\u0131ks\u0131z tabela, pleksiglas, cnc router, lazer cnc, folyo plotter kesim ve bu \u00fcr\u00fcnlerin imalat ve montaj \u00fcniteleriyle en iyi hizmeti, en kaliteli \u015fekilde, en uygun fiyata sizlere hizmet etmeyi ama\u00e7lamaktad\u0131r.<\/p>\n<\/div>\n<\/div>\n<\/div>\n<\/div>\n<\/div>\n<\/div>\n<p>[\/vc_column_text][\/vc_column][\/vc_row]<\/p>\n","protected":false},"excerpt":{"rendered":"<p>[vc_row css=&#8221;.vc_custom_1567355834606{margin-bottom: 0px !important;}&#8221;][vc_column][rev_slider_vc alias=&#8221;slider-video&#8221;][\/vc_column][\/vc_row][vc_row parallax=&#8221;content-moving-fade&#8221; css=&#8221;.vc_custom_1571918695665{margin-top: -150px !important;margin-bottom: 0px !important;padding-top: 70px !important;padding-bottom: 40px !important;}&#8221;][vc_column width=&#8221;1\/4&#8243;][vc_mad_banners title_font_size=&#8221;32&#8243; image=&#8221;1456&#8243; align=&#8221;center&#8221; title=&#8221;Dijital Bask\u0131&#8221; link=&#8221;url:https%3A%2F%2Fivmereklam.com%2Findex.php%2Fcontact%2F|title:TEKL%C4%B0F%20ALIN|target:%20_blank|&#8221;]\u0130\u00e7-D\u0131\u015f Mekan, tan\u0131t\u0131m ve reklamlar\u0131n\u0131z i\u00e7in profesyonel makine parkurumuzda, uzman kadromuz ile en kaliteli dijital bask\u0131 hizmetini sunuyoruz.[\/vc_mad_banners][\/vc_column][vc_column width=&#8221;1\/4&#8243;][vc_mad_banners title_font_size=&#8221;32&#8243; image=&#8221;1490&#8243; align=&#8221;center&#8221; title=&#8221;CNC Kesim&#8221; link=&#8221;url:https%3A%2F%2Fivmereklam.com%2Findex.php%2Fcontact%2F|title:TEKL%C4%B0F%20ALIN|target:%20_blank|&#8221;]MDF Kesim, Pleksi Kesim, Ah\u015fap Harfler, Duvar Panelleri, Dekoratif S\u00fcsler, [&hellip;]<\/p>\n","protected":false},"author":1,"featured_media":0,"parent":0,"menu_order":0,"comment_status":"closed","ping_status":"closed","template":"page_home.php","meta":{"footnotes":""},"_links":{"self":[{"href":"https:\/\/ivmereklam.com\/index.php\/wp-json\/wp\/v2\/pages\/8"}],"collection":[{"href":"https:\/\/ivmereklam.com\/index.php\/wp-json\/wp\/v2\/pages"}],"about":[{"href":"https:\/\/ivmereklam.com\/index.php\/wp-json\/wp\/v2\/types\/page"}],"author":[{"embeddable":true,"href":"https:\/\/ivmereklam.com\/index.php\/wp-json\/wp\/v2\/users\/1"}],"replies":[{"embeddable":true,"href":"https:\/\/ivmereklam.com\/index.php\/wp-json\/wp\/v2\/comments?post=8"}],"version-history":[{"count":43,"href":"https:\/\/ivmereklam.com\/index.php\/wp-json\/wp\/v2\/pages\/8\/revisions"}],"predecessor-version":[{"id":1828,"href":"https:\/\/ivmereklam.com\/index.php\/wp-json\/wp\/v2\/pages\/8\/revisions\/1828"}],"wp:attachment":[{"href":"https:\/\/ivmereklam.com\/index.php\/wp-json\/wp\/v2\/media?parent=8"}],"curies":[{"name":"wp","href":"https:\/\/api.w.org\/{rel}","templated":true}]}}