{"id":1798,"date":"2019-10-13T17:37:19","date_gmt":"2019-10-13T17:37:19","guid":{"rendered":"https:\/\/ivmereklam.com\/?page_id=1798"},"modified":"2019-10-13T17:37:19","modified_gmt":"2019-10-13T17:37:19","slug":"dekoratif-urunler","status":"publish","type":"page","link":"https:\/\/ivmereklam.com\/index.php\/dekoratif-urunler\/","title":{"rendered":"Dekoratif \u00dcr\u00fcnler"},"content":{"rendered":"<p>[vc_row][vc_column][vc_empty_space][\/vc_column][\/vc_row][vc_row][vc_column width=&#8221;2\/3&#8243;][vc_column_text]<\/p>\n<h3><strong>Dekoratif \u00dcr\u00fcnler<\/strong><\/h3>\n<p>Lazer kesim makinelerinde \u00fcretilen dekoratif \u00fcr\u00fcnler ile seminerlerinize, fuarlar\u0131n\u0131zda, i\u015fletmenize, ofis veya ki\u015fisel odalar\u0131n\u0131za dekoratif s\u00fcsler yapt\u0131rabilirsiniz.<\/p>\n<p>Lazer Kesim dekoratif \u00fcr\u00fcnlerine \u00f6rnek vermek gerekirse, duvar s\u00fcsleri, paneller gibi dekorasyon \u00fcr\u00fcnleridir. Ah\u015fap, Metal gibi malzemelere \u00e7ok s\u0131k dekoratif \u00fcr\u00fcnler yapt\u0131rabilirsiniz.<\/p>\n<h3><strong>Nerelerde Kullanabilirim?<\/strong><\/h3>\n<p>Lazer kesim makinelerimizde \u00fcretilen dekoratif \u00fcr\u00fcnler ev duvar dekorasyonu, dekoratif s\u00fcsler, saatler, semine stand dekorlar\u0131, do\u011fum g\u00fcn\u00fc s\u00fcsleri, oyuncaklar, hediyelikler gibi bir \u00e7ok alanda kullan\u0131m\u0131 tercih edilmektedir. Ki\u015fisel olarak ev dekorasyonu olarak da bu \u00fcr\u00fcn\u00fcm\u00fcz\u00fc tercih edebilirsiniz. \u0130vme reklam olarak sizlere dekorasyon \u00fcr\u00fcnlerde profesyonel \u00e7\u00f6z\u00fcmler sunmaktay\u0131z. istedi\u011finiz \u015fekilde, tasar\u0131mda dekorasyon s\u00fcsler \u00fcretmekteyiz.<\/p>\n<h3><strong>Hemen Sipari\u015f Verebilirsiniz<\/strong><\/h3>\n<p>\u0130vme Reklam olarak t\u00fcm lazer kesim \u00fcr\u00fcnlerinde sizlere profesyonel \u00e7\u00f6z\u00fcmler sunmaktay\u0131z. Bunun yan\u0131 s\u0131ra uzman ekibimiz ile birlikte sizlere profesyonel tasar\u0131m hizmeti sa\u011flamaktay\u0131z. Lazer kesim yoluyla \u00fcretilen dekoratif \u00fcr\u00fcnlerine sahip olmak i\u00e7in izlemeniz gereken ad\u0131m \u00e7ok basit.<\/p>\n<p>Alt k\u0131s\u0131mda yer alan sipari\u015f formunu doldurarak veya irtibat numaram\u0131zdan bizlerle ileti\u015fime ge\u00e7erek sipari\u015finizi verebilirsiniz.<\/p>\n<p>En k\u0131sa zaman i\u00e7erisinde \u00fcr\u00fcn\u00fcn\u00fcz profesyonel ekibimiz ve makine parkurumuz ile h\u0131zl\u0131 bir \u015fekilde iste\u011finize g\u00f6re haz\u0131rlanacakt\u0131r.[\/vc_column_text][\/vc_column][vc_column width=&#8221;1\/3&#8243;][vc_gallery type=&#8221;image_grid&#8221; images=&#8221;1651,1650,1649,1640,1654,1625,1643,1642,1641&#8243;][\/vc_column][\/vc_row][vc_row][vc_column width=&#8221;1\/2&#8243;][vc_column_text]<\/p>\n<h6>Sipari\u015f vermek i\u00e7in yanda bulunan sipari\u015fi formunu doldurman\u0131z yeterlidir<\/h6>\n<p>\u0130vme Reklam firmas\u0131na sormak istedi\u011finiz soru \u00f6neri ve g\u00f6r\u00fc\u015flerinizi form arac\u0131l\u0131\u011f\u0131 ile bize iletebilirsiniz. Sorular\u0131n\u0131z\u0131 titizlikle inceleyip en k\u0131sa s\u00fcrede geri d\u00f6n\u00fc\u015f sa\u011flar\u0131z.<\/p>\n<p>Bizimle ileti\u015fim kurdu\u011funuz i\u00e7in te\u015fekk\u00fcr ederiz.<\/p>\n<h6><strong>TELEFONLA ULA\u015eMAK \u0130\u00c7\u0130N:<\/strong><br \/>\n<strong>0462 888 6 444<\/strong><\/h6>\n<p>[\/vc_column_text][\/vc_column][vc_column width=&#8221;1\/2&#8243;]\n<div class=\"wpcf7 no-js\" id=\"wpcf7-f96-o1\" lang=\"en-US\" dir=\"ltr\">\n<div class=\"screen-reader-response\"><p role=\"status\" aria-live=\"polite\" aria-atomic=\"true\"><\/p> <ul><\/ul><\/div>\n<form action=\"\/index.php\/wp-json\/wp\/v2\/pages\/1798#wpcf7-f96-o1\" method=\"post\" class=\"wpcf7-form init\" aria-label=\"Contact form\" novalidate=\"novalidate\" data-status=\"init\">\n<div style=\"display: none;\">\n<input type=\"hidden\" name=\"_wpcf7\" value=\"96\" \/>\n<input type=\"hidden\" name=\"_wpcf7_version\" value=\"5.9.6\" \/>\n<input type=\"hidden\" name=\"_wpcf7_locale\" value=\"en_US\" \/>\n<input type=\"hidden\" name=\"_wpcf7_unit_tag\" value=\"wpcf7-f96-o1\" \/>\n<input type=\"hidden\" name=\"_wpcf7_container_post\" value=\"0\" \/>\n<input type=\"hidden\" name=\"_wpcf7_posted_data_hash\" value=\"\" \/>\n<\/div>\n<div class=\"form-style1 fx-cols-2\">\n\t<div class=\"form-column\">\n\t\t<p><span class=\"wpcf7-form-control-wrap\" data-name=\"text-305\"><input size=\"40\" maxlength=\"80\" class=\"wpcf7-form-control wpcf7-text\" aria-invalid=\"false\" placeholder=\"Ad\u0131n\u0131z\" value=\"\" type=\"text\" name=\"text-305\" \/><\/span>\n\t\t<\/p>\n\t<\/div>\n\t<div class=\"form-column\">\n\t\t<p><span class=\"wpcf7-form-control-wrap\" data-name=\"text-301\"><input size=\"40\" maxlength=\"80\" class=\"wpcf7-form-control wpcf7-text\" aria-invalid=\"false\" placeholder=\"Soyad\u0131n\u0131z\" value=\"\" type=\"text\" name=\"text-301\" \/><\/span>\n\t\t<\/p>\n\t<\/div>\n\t<div class=\"form-column\">\n\t\t<p><span class=\"wpcf7-form-control-wrap\" data-name=\"email-453\"><input size=\"40\" maxlength=\"80\" class=\"wpcf7-form-control wpcf7-email wpcf7-text wpcf7-validates-as-email\" aria-invalid=\"false\" placeholder=\"Email\" value=\"\" type=\"email\" name=\"email-453\" \/><\/span>\n\t\t<\/p>\n\t<\/div>\n\t<div class=\"form-column\">\n\t\t<p><span class=\"wpcf7-form-control-wrap\" data-name=\"text-302\"><input size=\"40\" maxlength=\"80\" class=\"wpcf7-form-control wpcf7-text\" aria-invalid=\"false\" placeholder=\"Telefon\" value=\"\" type=\"text\" name=\"text-302\" \/><\/span>\n\t\t<\/p>\n\t<\/div>\n\t<div class=\"form-column-full\">\n\t\t<p><span class=\"wpcf7-form-control-wrap\" data-name=\"menu-51\"><select class=\"wpcf7-form-control wpcf7-select\" aria-invalid=\"false\" name=\"menu-51\"><option value=\"B\u00f6l\u00fcm Se\u00e7in\">B\u00f6l\u00fcm Se\u00e7in<\/option><option value=\"Tabela\">Tabela<\/option><option value=\"Bask\u0131 Hizmeti\">Bask\u0131 Hizmeti<\/option><option value=\"CNC Kesim\">CNC Kesim<\/option><option value=\"Strafor Kesim\">Strafor Kesim<\/option><\/select><\/span>\n\t\t<\/p>\n\t<\/div>\n\t<div class=\"form-column-full\">\n\t\t<p><span class=\"wpcf7-form-control-wrap\" data-name=\"textarea-117\"><textarea cols=\"40\" rows=\"4\" maxlength=\"400\" class=\"wpcf7-form-control wpcf7-textarea\" aria-invalid=\"false\" placeholder=\"Mesaj\" name=\"textarea-117\"><\/textarea><\/span>\n\t\t<\/p>\n\t<\/div>\n\t<div class=\"form-column-full\">\n\t\t<p><input class=\"wpcf7-form-control wpcf7-submit has-spinner\" type=\"submit\" value=\"G\u00f6nder\" \/>\n\t\t<\/p>\n\t<\/div>\n<\/div><div class=\"wpcf7-response-output\" aria-hidden=\"true\"><\/div>\n<\/form>\n<\/div>\n[\/vc_column][\/vc_row]<\/p>\n","protected":false},"excerpt":{"rendered":"<p>[vc_row][vc_column][vc_empty_space][\/vc_column][\/vc_row][vc_row][vc_column width=&#8221;2\/3&#8243;][vc_column_text] Dekoratif \u00dcr\u00fcnler Lazer kesim makinelerinde \u00fcretilen dekoratif \u00fcr\u00fcnler ile seminerlerinize, fuarlar\u0131n\u0131zda, i\u015fletmenize, ofis veya ki\u015fisel odalar\u0131n\u0131za dekoratif s\u00fcsler yapt\u0131rabilirsiniz. Lazer Kesim dekoratif \u00fcr\u00fcnlerine \u00f6rnek vermek gerekirse, duvar s\u00fcsleri, paneller gibi dekorasyon \u00fcr\u00fcnleridir. Ah\u015fap, Metal gibi malzemelere \u00e7ok s\u0131k dekoratif \u00fcr\u00fcnler yapt\u0131rabilirsiniz. Nerelerde Kullanabilirim? Lazer kesim makinelerimizde \u00fcretilen dekoratif \u00fcr\u00fcnler ev duvar dekorasyonu, dekoratif [&hellip;]<\/p>\n","protected":false},"author":1,"featured_media":0,"parent":0,"menu_order":0,"comment_status":"closed","ping_status":"closed","template":"","meta":{"footnotes":""},"_links":{"self":[{"href":"https:\/\/ivmereklam.com\/index.php\/wp-json\/wp\/v2\/pages\/1798"}],"collection":[{"href":"https:\/\/ivmereklam.com\/index.php\/wp-json\/wp\/v2\/pages"}],"about":[{"href":"https:\/\/ivmereklam.com\/index.php\/wp-json\/wp\/v2\/types\/page"}],"author":[{"embeddable":true,"href":"https:\/\/ivmereklam.com\/index.php\/wp-json\/wp\/v2\/users\/1"}],"replies":[{"embeddable":true,"href":"https:\/\/ivmereklam.com\/index.php\/wp-json\/wp\/v2\/comments?post=1798"}],"version-history":[{"count":1,"href":"https:\/\/ivmereklam.com\/index.php\/wp-json\/wp\/v2\/pages\/1798\/revisions"}],"predecessor-version":[{"id":1799,"href":"https:\/\/ivmereklam.com\/index.php\/wp-json\/wp\/v2\/pages\/1798\/revisions\/1799"}],"wp:attachment":[{"href":"https:\/\/ivmereklam.com\/index.php\/wp-json\/wp\/v2\/media?parent=1798"}],"curies":[{"name":"wp","href":"https:\/\/api.w.org\/{rel}","templated":true}]}}