{"id":1766,"date":"2019-10-13T17:20:30","date_gmt":"2019-10-13T17:20:30","guid":{"rendered":"https:\/\/ivmereklam.com\/?page_id=1766"},"modified":"2019-10-13T17:20:30","modified_gmt":"2019-10-13T17:20:30","slug":"stand","status":"publish","type":"page","link":"https:\/\/ivmereklam.com\/index.php\/stand\/","title":{"rendered":"Stand"},"content":{"rendered":"<p>[vc_row][vc_column][vc_empty_space][\/vc_column][\/vc_row][vc_row][vc_column width=&#8221;2\/3&#8243;][vc_column_text]<\/p>\n<h3><strong>Stand<\/strong><\/h3>\n<p>Tan\u0131t\u0131mlar, kongreler, fuar merkezleri, sergi ve prezantasyonlarda kullan\u0131l\u0131r. Stand sistemlerinin kurulumu olduk\u00e7a kolayd\u0131r. Geni\u015f grafik alan\u0131 sayesinde tan\u0131t\u0131mlar i\u00e7in etkileyici bir g\u00f6rsellik sunar.<\/p>\n<h3><strong>Metal Standlar<\/strong><\/h3>\n<p>Metal standlar hem i\u00e7 mekanda hem d\u0131\u015f mekanda kullan\u0131labilen uzun \u00f6m\u00fcrl\u00fc \u00fcr\u00fcnlerdir. Metal i\u015fleme at\u00f6lyemizde hassas kesim, b\u00fck\u00fcm, kaynak, punch i\u015flemlerinden ge\u00e7tikten sonra boya at\u00f6lyemizde boyanan standlar daha sonras\u0131nda marketlerde, showroomlarda, k\u0131rtasiyelerde, nalburlarda, h\u0131rdavat marketlerde ve benzeri bir\u00e7ok yerde hem \u00fcr\u00fcn\u00fcn\u00fcz\u00fcn tan\u0131t\u0131m\u0131n\u0131 hem de sat\u0131\u015f\u0131n\u0131 sa\u011flamaktad\u0131r. Bask\u0131l\u0131 olarak da haz\u0131rlanabilen standlar\u0131 y\u0131llarca kullanabilirsiniz.<\/p>\n<h3>Ah\u015fap Standlar<\/h3>\n<p>Mdf, mdflam, sunta ve kontrplaktan imal edilen ah\u015fap standlar \u00fcr\u00fcn tad\u0131m\u0131, \u00fcr\u00fcn tan\u0131t\u0131m\u0131, \u00fcr\u00fcn sat\u0131\u015f\u0131 ama\u00e7l\u0131 marketlerde, al\u0131\u015fveri\u015f merkezlerinde, ma\u011fazalarda ve marketlerde kullan\u0131lmaktad\u0131r. Standlar farkl\u0131 kal\u0131nl\u0131k ve renkteki malzemelerin kesim, ebatlama, bantlama vb i\u015flemlerinden ge\u00e7erek bir araya getirilmesiyle \u00fcretilmektedir. I\u015f\u0131kl\u0131 ve \u0131\u015f\u0131ks\u0131z olarak imal edilebilen standlar bir\u00e7ok sekt\u00f6r i\u00e7in kullan\u0131lmaktad\u0131r. Parf\u00fcm, kozmetik, k\u0131rtasiye, ecza \u00fcr\u00fcnleri, sabun, otomotiv sunumlar\u0131, \u015fekerleme, \u00e7ikolata, kuruyemi\u015f, \u00e7orap vb gibi \u00fcr\u00fcnlerin sat\u0131\u015f\u0131n\u0131 sa\u011flamak i\u00e7in kullan\u0131lan ah\u015fap standlar i\u00e7 mekanda kullan\u0131m i\u00e7in tasarlanm\u0131\u015ft\u0131r.<\/p>\n<h3><strong>Display Standlar<\/strong><\/h3>\n<p>Fuar, tan\u0131t\u0131m, ofis vb alanlarda bro\u015f\u00fcrl\u00fck, posterlik, afi\u015flik gibi ama\u00e7larla kullan\u0131lan \u00fcr\u00fcnlerdir. I\u015f\u0131kl\u0131, \u0131\u015f\u0131ks\u0131z, ayakl\u0131, duvara monte, masa\u00fcst\u00fcne \u015feklinde konumland\u0131r\u0131labilir. Al\u00fcminyum ve akrilikten imal edilir. En \u00e7ok kullan\u0131lanlar\u0131 akrilik bro\u015f\u00fcrl\u00fck,a\u00e7\u0131l\u0131r kapan\u0131r \u00e7er\u00e7eve, roll-up, zig-zag bro\u015f\u00fcrl\u00fck, masa\u00fcst\u00fc bro\u015f\u00fcrl\u00fck, \u00f6r\u00fcmcek stand, swinger gibi \u00fcr\u00fcnlerdir. D\u0131\u015f mekan ve i\u00e7 mekanda kullan\u0131ma uygun \u00e7e\u015fitleri vard\u0131r. Bu \u00fcr\u00fcnleri uzun s\u00fcre kullanabilirsiniz.<\/p>\n<h3><strong>Fuarlar\u0131n\u0131z, Seminerleriniz \u0130\u00e7in Stand Yapt\u0131r\u0131n!<\/strong><\/h3>\n<p>Firman\u0131z\u0131n, \u00fcr\u00fcnlerinizin, hizmetlerinizin vs. tan\u0131t\u0131m\u0131n\u0131 yapmak i\u00e7in fuarlarda, seminerlerde kullan\u0131lmak \u00fczere stand hizmetlerimizden birini yapt\u0131rmaya karar verdiyseniz do\u011fru yerdesiniz. Sizler i\u00e7in en kaliteli stand \u00e7\u00f6z\u00fcmleri sunmaktay\u0131z. \u00dcretimin yan\u0131 s\u0131ra firman\u0131z\u0131 en iyi \u015fekilde temsil edece \u00f6zel tasar\u0131mlar\u0131 profesyonel \u015fekilde haz\u0131rlamaktay\u0131z. Peki nas\u0131l sipari\u015f verebilirsiniz?<\/p>\n<h6><strong>A\u015fa\u011f\u0131da yer alan formu doldurarak veya irtibat numaralar\u0131m\u0131zdan bizlerle ileti\u015fime ge\u00e7erek daha detayl\u0131 bilgi alabilir veya stand sipari\u015finizi verebilirsiniz.<\/strong><\/h6>\n<p>[\/vc_column_text][\/vc_column][vc_column width=&#8221;1\/3&#8243;][vc_gallery type=&#8221;image_grid&#8221; images=&#8221;1767,1768,1769,1770,1771,1772,1773&#8243;][\/vc_column][\/vc_row][vc_row][vc_column width=&#8221;1\/2&#8243;][vc_column_text]<\/p>\n<h6>Sipari\u015f vermek i\u00e7in yanda bulunan sipari\u015fi formunu doldurman\u0131z yeterlidir<\/h6>\n<p>\u0130vme Reklam firmas\u0131na sormak istedi\u011finiz soru \u00f6neri ve g\u00f6r\u00fc\u015flerinizi form arac\u0131l\u0131\u011f\u0131 ile bize iletebilirsiniz. Sorular\u0131n\u0131z\u0131 titizlikle inceleyip en k\u0131sa s\u00fcrede geri d\u00f6n\u00fc\u015f sa\u011flar\u0131z.<\/p>\n<p>Bizimle ileti\u015fim kurdu\u011funuz i\u00e7in te\u015fekk\u00fcr ederiz.<\/p>\n<h6><strong>TELEFONLA ULA\u015eMAK \u0130\u00c7\u0130N:<\/strong><br \/>\n<strong>0462 888 6 444<\/strong><\/h6>\n<p>[\/vc_column_text][\/vc_column][vc_column width=&#8221;1\/2&#8243;]\n<div class=\"wpcf7 no-js\" id=\"wpcf7-f96-o1\" lang=\"en-US\" dir=\"ltr\">\n<div class=\"screen-reader-response\"><p role=\"status\" aria-live=\"polite\" aria-atomic=\"true\"><\/p> <ul><\/ul><\/div>\n<form action=\"\/index.php\/wp-json\/wp\/v2\/pages\/1766#wpcf7-f96-o1\" method=\"post\" class=\"wpcf7-form init\" aria-label=\"Contact form\" novalidate=\"novalidate\" data-status=\"init\">\n<div style=\"display: none;\">\n<input type=\"hidden\" name=\"_wpcf7\" value=\"96\" \/>\n<input type=\"hidden\" name=\"_wpcf7_version\" value=\"5.9.6\" \/>\n<input type=\"hidden\" name=\"_wpcf7_locale\" value=\"en_US\" \/>\n<input type=\"hidden\" name=\"_wpcf7_unit_tag\" value=\"wpcf7-f96-o1\" \/>\n<input type=\"hidden\" name=\"_wpcf7_container_post\" value=\"0\" \/>\n<input type=\"hidden\" name=\"_wpcf7_posted_data_hash\" value=\"\" \/>\n<\/div>\n<div class=\"form-style1 fx-cols-2\">\n\t<div class=\"form-column\">\n\t\t<p><span class=\"wpcf7-form-control-wrap\" data-name=\"text-305\"><input size=\"40\" maxlength=\"80\" class=\"wpcf7-form-control wpcf7-text\" aria-invalid=\"false\" placeholder=\"Ad\u0131n\u0131z\" value=\"\" type=\"text\" name=\"text-305\" \/><\/span>\n\t\t<\/p>\n\t<\/div>\n\t<div class=\"form-column\">\n\t\t<p><span class=\"wpcf7-form-control-wrap\" data-name=\"text-301\"><input size=\"40\" maxlength=\"80\" class=\"wpcf7-form-control wpcf7-text\" aria-invalid=\"false\" placeholder=\"Soyad\u0131n\u0131z\" value=\"\" type=\"text\" name=\"text-301\" \/><\/span>\n\t\t<\/p>\n\t<\/div>\n\t<div class=\"form-column\">\n\t\t<p><span class=\"wpcf7-form-control-wrap\" data-name=\"email-453\"><input size=\"40\" maxlength=\"80\" class=\"wpcf7-form-control wpcf7-email wpcf7-text wpcf7-validates-as-email\" aria-invalid=\"false\" placeholder=\"Email\" value=\"\" type=\"email\" name=\"email-453\" \/><\/span>\n\t\t<\/p>\n\t<\/div>\n\t<div class=\"form-column\">\n\t\t<p><span class=\"wpcf7-form-control-wrap\" data-name=\"text-302\"><input size=\"40\" maxlength=\"80\" class=\"wpcf7-form-control wpcf7-text\" aria-invalid=\"false\" placeholder=\"Telefon\" value=\"\" type=\"text\" name=\"text-302\" \/><\/span>\n\t\t<\/p>\n\t<\/div>\n\t<div class=\"form-column-full\">\n\t\t<p><span class=\"wpcf7-form-control-wrap\" data-name=\"menu-51\"><select class=\"wpcf7-form-control wpcf7-select\" aria-invalid=\"false\" name=\"menu-51\"><option value=\"B\u00f6l\u00fcm Se\u00e7in\">B\u00f6l\u00fcm Se\u00e7in<\/option><option value=\"Tabela\">Tabela<\/option><option value=\"Bask\u0131 Hizmeti\">Bask\u0131 Hizmeti<\/option><option value=\"CNC Kesim\">CNC Kesim<\/option><option value=\"Strafor Kesim\">Strafor Kesim<\/option><\/select><\/span>\n\t\t<\/p>\n\t<\/div>\n\t<div class=\"form-column-full\">\n\t\t<p><span class=\"wpcf7-form-control-wrap\" data-name=\"textarea-117\"><textarea cols=\"40\" rows=\"4\" maxlength=\"400\" class=\"wpcf7-form-control wpcf7-textarea\" aria-invalid=\"false\" placeholder=\"Mesaj\" name=\"textarea-117\"><\/textarea><\/span>\n\t\t<\/p>\n\t<\/div>\n\t<div class=\"form-column-full\">\n\t\t<p><input class=\"wpcf7-form-control wpcf7-submit has-spinner\" type=\"submit\" value=\"G\u00f6nder\" \/>\n\t\t<\/p>\n\t<\/div>\n<\/div><div class=\"wpcf7-response-output\" aria-hidden=\"true\"><\/div>\n<\/form>\n<\/div>\n[\/vc_column][\/vc_row]<\/p>\n","protected":false},"excerpt":{"rendered":"<p>[vc_row][vc_column][vc_empty_space][\/vc_column][\/vc_row][vc_row][vc_column width=&#8221;2\/3&#8243;][vc_column_text] Stand Tan\u0131t\u0131mlar, kongreler, fuar merkezleri, sergi ve prezantasyonlarda kullan\u0131l\u0131r. Stand sistemlerinin kurulumu olduk\u00e7a kolayd\u0131r. Geni\u015f grafik alan\u0131 sayesinde tan\u0131t\u0131mlar i\u00e7in etkileyici bir g\u00f6rsellik sunar. Metal Standlar Metal standlar hem i\u00e7 mekanda hem d\u0131\u015f mekanda kullan\u0131labilen uzun \u00f6m\u00fcrl\u00fc \u00fcr\u00fcnlerdir. Metal i\u015fleme at\u00f6lyemizde hassas kesim, b\u00fck\u00fcm, kaynak, punch i\u015flemlerinden ge\u00e7tikten sonra boya at\u00f6lyemizde boyanan standlar [&hellip;]<\/p>\n","protected":false},"author":1,"featured_media":0,"parent":0,"menu_order":0,"comment_status":"closed","ping_status":"closed","template":"","meta":{"footnotes":""},"_links":{"self":[{"href":"https:\/\/ivmereklam.com\/index.php\/wp-json\/wp\/v2\/pages\/1766"}],"collection":[{"href":"https:\/\/ivmereklam.com\/index.php\/wp-json\/wp\/v2\/pages"}],"about":[{"href":"https:\/\/ivmereklam.com\/index.php\/wp-json\/wp\/v2\/types\/page"}],"author":[{"embeddable":true,"href":"https:\/\/ivmereklam.com\/index.php\/wp-json\/wp\/v2\/users\/1"}],"replies":[{"embeddable":true,"href":"https:\/\/ivmereklam.com\/index.php\/wp-json\/wp\/v2\/comments?post=1766"}],"version-history":[{"count":1,"href":"https:\/\/ivmereklam.com\/index.php\/wp-json\/wp\/v2\/pages\/1766\/revisions"}],"predecessor-version":[{"id":1774,"href":"https:\/\/ivmereklam.com\/index.php\/wp-json\/wp\/v2\/pages\/1766\/revisions\/1774"}],"wp:attachment":[{"href":"https:\/\/ivmereklam.com\/index.php\/wp-json\/wp\/v2\/media?parent=1766"}],"curies":[{"name":"wp","href":"https:\/\/api.w.org\/{rel}","templated":true}]}}