{"id":1752,"date":"2019-10-13T17:08:27","date_gmt":"2019-10-13T17:08:27","guid":{"rendered":"https:\/\/ivmereklam.com\/?page_id=1752"},"modified":"2019-10-13T17:15:48","modified_gmt":"2019-10-13T17:15:48","slug":"roll-up-banner","status":"publish","type":"page","link":"https:\/\/ivmereklam.com\/index.php\/roll-up-banner\/","title":{"rendered":"Roll Up Banner"},"content":{"rendered":"<p>[vc_row][vc_column][vc_empty_space][\/vc_column][\/vc_row][vc_row][vc_column width=&#8221;2\/3&#8243;][vc_column_text]<\/p>\n<h3><strong>Roll Up Banner<\/strong><\/h3>\n<p>Afi\u015fler, markan\u0131z\u0131 b\u00fcy\u00fck kitlelerle bulu\u015fturmak i\u00e7in en etkili ileti\u015fim ara\u00e7lar\u0131ndan biridir. Hem i\u00e7 mekanlarda hem de sokak, bina duvarlar\u0131 ve toplu ula\u015f\u0131m ara\u00e7lar\u0131 gibi d\u0131\u015f mekanlarda kullanabilece\u011finiz afi\u015f bask\u0131, tek bir g\u00fcn i\u00e7erisinde bile binlerce farkl\u0131 ki\u015fiye ula\u015fman\u0131za olanak sa\u011flar.<\/p>\n<p>Dikkat \u00e7ekici bir tasar\u0131m ve slogan sayesinde bir anda b\u00fcy\u00fck etki yaratman\u0131z m\u00fcmk\u00fcnd\u00fcr. Hedef kitlenizin en \u00e7ok ziyaret etti\u011fi mekanlarda yer verece\u011finiz afi\u015fler, markan\u0131z\u0131n uzun s\u00fcre ak\u0131lda kalmas\u0131na yard\u0131mc\u0131 olur.<\/p>\n<p>Afi\u015fler, kurumsal firmalar\u0131n kulland\u0131\u011f\u0131 bir ileti\u015fim y\u00f6ntemi olarak her zaman pop\u00fclaritesini koruyor. Afi\u015fler 2 \u2018ye ayr\u0131lmaktad\u0131r. Ku\u015fe ka\u011f\u0131t afi\u015fler ve vinil afi\u015fler. \u0130htiyaca y\u00f6nelik tercih edilmektedir.<\/p>\n<h3><strong>Afi\u015f Bask\u0131 Nas\u0131l Korunur?<\/strong><\/h3>\n<p>\u0130\u00e7 mekan afi\u015flerde Ka\u011f\u0131t D\u0131\u015f mekan afi\u015flerde Branda, Bez, Vinil gibi dayan\u0131kl\u0131 malzemelerin tercih edilmesinin sebebi tamamen hava \u015fartlar\u0131ndand\u0131r. Bu malzemelere ve kullan\u0131ld\u0131klar\u0131 alana dikkat edildikten sonra afi\u015f bask\u0131y\u0131 korumaya \u00e7okta gerek yoktur \u00e7\u00fcnk\u00fc afi\u015f bask\u0131lar zaten ge\u00e7ici reklam \u00fcr\u00fcnleridirler.<br \/>\nD\u0131\u015f mekanda kullan\u0131lan afi\u015flerde hava \u015fartlar\u0131na dayan\u0131ml\u0131 bask\u0131 malzemeleri olan Branda, Bez, Vinil gibi malzemelere bas\u0131l\u0131r ise sorun olmaz kullan\u0131la bilir.<\/p>\n<h3><strong>Hemen Etkili Afi\u015f Sipari\u015fi Verin<\/strong><\/h3>\n<p>Firman\u0131z\u0131n tan\u0131t\u0131m\u0131n\u0131 yapmak veya kampanyalar\u0131n\u0131z hakk\u0131nda bilgi vermek gibi tan\u0131t\u0131m gereken durumlarda afi\u015f tasar\u0131m ve bask\u0131n\u0131z\u0131 \u0130vme reklam sayesinde en profesyonel \u015fekilde yapt\u0131rabilirsiniz. Uzman ekibimiz ve dijital bask\u0131 makine parkurumuz ile sizlere profesyonel \u00e7\u00f6z\u00fcmler sunmaktay\u0131z.<\/p>\n<h6>A\u015fa\u011f\u0131da yer alan formu doldurarak veya irtibat numaralar\u0131m\u0131zdan bizlerle ileti\u015fime ge\u00e7erek daha detayl\u0131 bilgi alabilir veya afi\u015f bask\u0131 sipari\u015finizi verebilirsiniz.<\/h6>\n<p>[\/vc_column_text][\/vc_column][vc_column width=&#8221;1\/3&#8243;][vc_gallery type=&#8221;image_grid&#8221; images=&#8221;1755,1756,1757,1758,1759,1760,1761&#8243;][\/vc_column][\/vc_row][vc_row][vc_column width=&#8221;1\/2&#8243;][vc_column_text]<\/p>\n<h6>Sipari\u015f vermek i\u00e7in yanda bulunan sipari\u015fi formunu doldurman\u0131z yeterlidir<\/h6>\n<p>\u0130vme Reklam firmas\u0131na sormak istedi\u011finiz soru \u00f6neri ve g\u00f6r\u00fc\u015flerinizi form arac\u0131l\u0131\u011f\u0131 ile bize iletebilirsiniz. Sorular\u0131n\u0131z\u0131 titizlikle inceleyip en k\u0131sa s\u00fcrede geri d\u00f6n\u00fc\u015f sa\u011flar\u0131z.<\/p>\n<p>Bizimle ileti\u015fim kurdu\u011funuz i\u00e7in te\u015fekk\u00fcr ederiz.<\/p>\n<h6><strong>TELEFONLA ULA\u015eMAK \u0130\u00c7\u0130N:<\/strong><br \/>\n<strong>0462 888 6 444<\/strong><\/h6>\n<p>[\/vc_column_text][\/vc_column][vc_column width=&#8221;1\/2&#8243;]\n<div class=\"wpcf7 no-js\" id=\"wpcf7-f96-o1\" lang=\"en-US\" dir=\"ltr\">\n<div class=\"screen-reader-response\"><p role=\"status\" aria-live=\"polite\" aria-atomic=\"true\"><\/p> <ul><\/ul><\/div>\n<form action=\"\/index.php\/wp-json\/wp\/v2\/pages\/1752#wpcf7-f96-o1\" method=\"post\" class=\"wpcf7-form init\" aria-label=\"Contact form\" novalidate=\"novalidate\" data-status=\"init\">\n<div style=\"display: none;\">\n<input type=\"hidden\" name=\"_wpcf7\" value=\"96\" \/>\n<input type=\"hidden\" name=\"_wpcf7_version\" value=\"5.9.6\" \/>\n<input type=\"hidden\" name=\"_wpcf7_locale\" value=\"en_US\" \/>\n<input type=\"hidden\" name=\"_wpcf7_unit_tag\" value=\"wpcf7-f96-o1\" \/>\n<input type=\"hidden\" name=\"_wpcf7_container_post\" value=\"0\" \/>\n<input type=\"hidden\" name=\"_wpcf7_posted_data_hash\" value=\"\" \/>\n<\/div>\n<div class=\"form-style1 fx-cols-2\">\n\t<div class=\"form-column\">\n\t\t<p><span class=\"wpcf7-form-control-wrap\" data-name=\"text-305\"><input size=\"40\" maxlength=\"80\" class=\"wpcf7-form-control wpcf7-text\" aria-invalid=\"false\" placeholder=\"Ad\u0131n\u0131z\" value=\"\" type=\"text\" name=\"text-305\" \/><\/span>\n\t\t<\/p>\n\t<\/div>\n\t<div class=\"form-column\">\n\t\t<p><span class=\"wpcf7-form-control-wrap\" data-name=\"text-301\"><input size=\"40\" maxlength=\"80\" class=\"wpcf7-form-control wpcf7-text\" aria-invalid=\"false\" placeholder=\"Soyad\u0131n\u0131z\" value=\"\" type=\"text\" name=\"text-301\" \/><\/span>\n\t\t<\/p>\n\t<\/div>\n\t<div class=\"form-column\">\n\t\t<p><span class=\"wpcf7-form-control-wrap\" data-name=\"email-453\"><input size=\"40\" maxlength=\"80\" class=\"wpcf7-form-control wpcf7-email wpcf7-text wpcf7-validates-as-email\" aria-invalid=\"false\" placeholder=\"Email\" value=\"\" type=\"email\" name=\"email-453\" \/><\/span>\n\t\t<\/p>\n\t<\/div>\n\t<div class=\"form-column\">\n\t\t<p><span class=\"wpcf7-form-control-wrap\" data-name=\"text-302\"><input size=\"40\" maxlength=\"80\" class=\"wpcf7-form-control wpcf7-text\" aria-invalid=\"false\" placeholder=\"Telefon\" value=\"\" type=\"text\" name=\"text-302\" \/><\/span>\n\t\t<\/p>\n\t<\/div>\n\t<div class=\"form-column-full\">\n\t\t<p><span class=\"wpcf7-form-control-wrap\" data-name=\"menu-51\"><select class=\"wpcf7-form-control wpcf7-select\" aria-invalid=\"false\" name=\"menu-51\"><option value=\"B\u00f6l\u00fcm Se\u00e7in\">B\u00f6l\u00fcm Se\u00e7in<\/option><option value=\"Tabela\">Tabela<\/option><option value=\"Bask\u0131 Hizmeti\">Bask\u0131 Hizmeti<\/option><option value=\"CNC Kesim\">CNC Kesim<\/option><option value=\"Strafor Kesim\">Strafor Kesim<\/option><\/select><\/span>\n\t\t<\/p>\n\t<\/div>\n\t<div class=\"form-column-full\">\n\t\t<p><span class=\"wpcf7-form-control-wrap\" data-name=\"textarea-117\"><textarea cols=\"40\" rows=\"4\" maxlength=\"400\" class=\"wpcf7-form-control wpcf7-textarea\" aria-invalid=\"false\" placeholder=\"Mesaj\" name=\"textarea-117\"><\/textarea><\/span>\n\t\t<\/p>\n\t<\/div>\n\t<div class=\"form-column-full\">\n\t\t<p><input class=\"wpcf7-form-control wpcf7-submit has-spinner\" type=\"submit\" value=\"G\u00f6nder\" \/>\n\t\t<\/p>\n\t<\/div>\n<\/div><div class=\"wpcf7-response-output\" aria-hidden=\"true\"><\/div>\n<\/form>\n<\/div>\n[\/vc_column][\/vc_row]<\/p>\n","protected":false},"excerpt":{"rendered":"<p>[vc_row][vc_column][vc_empty_space][\/vc_column][\/vc_row][vc_row][vc_column width=&#8221;2\/3&#8243;][vc_column_text] Roll Up Banner Afi\u015fler, markan\u0131z\u0131 b\u00fcy\u00fck kitlelerle bulu\u015fturmak i\u00e7in en etkili ileti\u015fim ara\u00e7lar\u0131ndan biridir. Hem i\u00e7 mekanlarda hem de sokak, bina duvarlar\u0131 ve toplu ula\u015f\u0131m ara\u00e7lar\u0131 gibi d\u0131\u015f mekanlarda kullanabilece\u011finiz afi\u015f bask\u0131, tek bir g\u00fcn i\u00e7erisinde bile binlerce farkl\u0131 ki\u015fiye ula\u015fman\u0131za olanak sa\u011flar. Dikkat \u00e7ekici bir tasar\u0131m ve slogan sayesinde bir anda b\u00fcy\u00fck [&hellip;]<\/p>\n","protected":false},"author":1,"featured_media":0,"parent":0,"menu_order":0,"comment_status":"closed","ping_status":"closed","template":"","meta":{"footnotes":""},"_links":{"self":[{"href":"https:\/\/ivmereklam.com\/index.php\/wp-json\/wp\/v2\/pages\/1752"}],"collection":[{"href":"https:\/\/ivmereklam.com\/index.php\/wp-json\/wp\/v2\/pages"}],"about":[{"href":"https:\/\/ivmereklam.com\/index.php\/wp-json\/wp\/v2\/types\/page"}],"author":[{"embeddable":true,"href":"https:\/\/ivmereklam.com\/index.php\/wp-json\/wp\/v2\/users\/1"}],"replies":[{"embeddable":true,"href":"https:\/\/ivmereklam.com\/index.php\/wp-json\/wp\/v2\/comments?post=1752"}],"version-history":[{"count":4,"href":"https:\/\/ivmereklam.com\/index.php\/wp-json\/wp\/v2\/pages\/1752\/revisions"}],"predecessor-version":[{"id":1765,"href":"https:\/\/ivmereklam.com\/index.php\/wp-json\/wp\/v2\/pages\/1752\/revisions\/1765"}],"wp:attachment":[{"href":"https:\/\/ivmereklam.com\/index.php\/wp-json\/wp\/v2\/media?parent=1752"}],"curies":[{"name":"wp","href":"https:\/\/api.w.org\/{rel}","templated":true}]}}