{"id":1726,"date":"2019-10-13T16:53:45","date_gmt":"2019-10-13T16:53:45","guid":{"rendered":"https:\/\/ivmereklam.com\/?page_id=1726"},"modified":"2019-10-13T16:55:13","modified_gmt":"2019-10-13T16:55:13","slug":"kartvizit","status":"publish","type":"page","link":"https:\/\/ivmereklam.com\/index.php\/kartvizit\/","title":{"rendered":"Kartvizit"},"content":{"rendered":"<p>[vc_row][vc_column][vc_empty_space][\/vc_column][\/vc_row][vc_row][vc_column width=&#8221;2\/3&#8243;][vc_column_text]<\/p>\n<h3><strong>Kartvizit<\/strong><\/h3>\n<p>Kartvizit, en basit tan\u0131m\u0131yla \u015fah\u0131slar ya da firmalar i\u00e7in haz\u0131rlanan ve \u00fczerinde tan\u0131t\u0131c\u0131 k\u0131sa bilgilerin yer ald\u0131\u011f\u0131 kartlard\u0131r.Kartvizitte ad\u0131 yazan ki\u015fi bir firmada \u00e7al\u0131\u015f\u0131yorsa kart\u0131n \u00fczerinde tam ad\u0131,\u015firketteki pozisyonu, ileti\u015fim bilgileri ve \u015firketin ileti\u015fim bilgileri bulunur. Bu kartvizit sayesinde m\u00fc\u015fteriler, ihtiya\u00e7 an\u0131nda kolayl\u0131kla kart\u0131n sahibine ula\u015fabilirler. Yani kartvizitler,kolay yolla m\u00fc\u015fterinin akl\u0131nda yer edilmesini sa\u011flar.<\/p>\n<p>Genellikle 5.5 x 8.5 cm \u00f6l\u00e7\u00fclerine sahip olan klasik kartvizitler, kurumsall\u0131\u011f\u0131, g\u00fcveni ve i\u015f ciddiyetini yans\u0131t\u0131rlar. Yeni bir i\u015f ili\u015fkisi kurulaca\u011f\u0131 zaman m\u00fc\u015fterinin g\u00f6r\u00fc\u015fme sonunda talep edece\u011fi ilk \u015fey kartvizitiniz olacakt\u0131r. Bu talep kar\u015f\u0131s\u0131nda olumsuz yan\u0131t vermek ise kar\u015f\u0131 tarafta g\u00fcvensizlik olu\u015fturaca\u011f\u0131 i\u00e7in i\u015f kayb\u0131na neden olmas\u0131 olduk\u00e7a muhtemeldir.<\/p>\n<p>Kartvizit hat\u0131rlanman\u0131z\u0131 sa\u011flar. \u0130\u015f d\u00fcnyas\u0131nda s\u00fcreklilikolduk\u00e7a \u00f6nemlidir. Bir kere i\u015f yapt\u0131\u011f\u0131n\u0131z bir \u015fah\u0131s ya da firma, yeni birihtiya\u00e7 halinde \u00fczerinde ileti\u015fim bilgileriniz yazan kartvizitiniz sayesindesize ula\u015f\u0131r. Ba\u011f\u0131ms\u0131z \u00e7al\u0131\u015f\u0131yorsan\u0131z ad\u0131n\u0131z ve ileti\u015fim bilgileriniz, birfirmada \u00e7al\u0131\u015f\u0131yorsan\u0131z firman\u0131z\u0131n ad\u0131 ve \u00e7al\u0131\u015ft\u0131\u011f\u0131n\u0131z pozisyon ile ileti\u015fimbilgileriniz sizi kolay ula\u015f\u0131labilir k\u0131lacakt\u0131r.<\/p>\n<p>Dijital Kartvizit modelleri g\u00fcn ge\u00e7tik\u00e7e artsa da sade ve klasik kartvizit \u00f6rnekleri her zaman en ideal olanlard\u0131r. Fark\u0131n\u0131z\u0131 yans\u0131tmak i\u00e7in de\u011fi\u015fik dijital kartvizit tasar\u0131mlar\u0131na y\u00f6nelmeniz riski de beraberinde getirecektir. Tabii i\u015f yapt\u0131\u011f\u0131n\u0131z alana ba\u011fl\u0131 olarak farkl\u0131 kartvizit \u00e7e\u015fitlerini de kullanabilirsiniz. Rekabetin bol oldu\u011fu alanlarda kendinizi hat\u0131rlatmak i\u00e7in deneyece\u011finiz bu kartvizit tasar\u0131m\u0131 ayn\u0131 zamanda a\u011f\u0131rba\u015fl\u0131l\u0131ktan \u2013yani i\u015f yap\u0131labilirlikten- uzak olmamal\u0131d\u0131r.<\/p>\n<h3><strong>Nelere Dikkat Edilmelidir?<\/strong><\/h3>\n<p>C\u00fczdanlardaki kartvizit cepleri klasik kartvizit boyutlar\u0131na g\u00f6re tasarlan\u0131r. 5.5 x 8.5 cm \u00f6l\u00e7\u00fclerinden b\u00fcy\u00fck kartvizit modelleri c\u00fczdana s\u0131\u011fmayaca\u011f\u0131 i\u00e7in m\u00fc\u015fteri taraf\u0131ndan ta\u015f\u0131nmayabilir. B\u00f6ylece ihtiya\u00e7 an\u0131nda size ya da firman\u0131za ula\u015f\u0131lmas\u0131 zorla\u015f\u0131r.<\/p>\n<p>Sizin ad\u0131n\u0131za elden ele gezerek \u015fahs\u0131n\u0131z\u0131n ya da firman\u0131z\u0131n reklam\u0131n\u0131 yapan kartvizitleri tasar\u0131m\u0131nda dikkat edilmesi gereken di\u011fer noktalar ise sade, a\u00e7\u0131k dilli ve g\u00fcven duygusu a\u015f\u0131lar nitelikte olmas\u0131d\u0131r. Kartvizit \u00f6rnekleri \u00fczerinden yapaca\u011f\u0131n\u0131z k\u00fc\u00e7\u00fck bir \u00e7al\u0131\u015fma ile sade tasar\u0131ml\u0131, dilin do\u011fru kullan\u0131ld\u0131\u011f\u0131, unvan\u0131n\u0131z\u0131 tam olarak yans\u0131tan kartvizit modellerinin daha \u00e7ok g\u00fcven verdi\u011fini g\u00f6receksiniz.<\/p>\n<h3><strong>Kartvizit Yapt\u0131rmak \u0130\u00e7in Vakit Kaybetmeyin!<\/strong><\/h3>\n<p>Firman\u0131z\u0131n, i\u015fletmenizi en iyi yans\u0131tacak kartvizit bask\u0131lar\u0131n\u0131z\u0131 \u0130vme reklam sayesinde \u00e7ok kolay bir \u015fekilde yerinizden bile kalkmadan yapt\u0131rabilirsiniz. Kartvizit bask\u0131n\u0131n yan\u0131 s\u0131ra tasar\u0131m alan\u0131nda da profesyonel \u00e7\u00f6z\u00fcmler sunmaktay\u0131z. Sipari\u015f vermek i\u00e7in yapman\u0131z gerekenler \u00e7ok basit;<\/p>\n<p>A\u015fa\u011f\u0131da yer alan formu doldurarak veya irtibat numaralar\u0131m\u0131zdan bizlerle ileti\u015fime ge\u00e7erek daha detayl\u0131 bilgi alabilir veya kartvizit bask\u0131 sipari\u015finizi verebilirsiniz.[\/vc_column_text][\/vc_column][vc_column width=&#8221;1\/3&#8243;][vc_gallery type=&#8221;image_grid&#8221; images=&#8221;1727,1728,1729,1730,1731,1732,1733,1734&#8243;][\/vc_column][\/vc_row][vc_row][vc_column width=&#8221;1\/2&#8243;][vc_column_text]<\/p>\n<h6>Sipari\u015f vermek i\u00e7in yanda bulunan sipari\u015fi formunu doldurman\u0131z yeterlidir<\/h6>\n<p>\u0130vme Reklam firmas\u0131na sormak istedi\u011finiz soru \u00f6neri ve g\u00f6r\u00fc\u015flerinizi form arac\u0131l\u0131\u011f\u0131 ile bize iletebilirsiniz. Sorular\u0131n\u0131z\u0131 titizlikle inceleyip en k\u0131sa s\u00fcrede geri d\u00f6n\u00fc\u015f sa\u011flar\u0131z.<\/p>\n<p>Bizimle ileti\u015fim kurdu\u011funuz i\u00e7in te\u015fekk\u00fcr ederiz.<\/p>\n<h6><strong>TELEFONLA ULA\u015eMAK \u0130\u00c7\u0130N:<\/strong><br \/>\n<strong>0462 888 6 444<\/strong><\/h6>\n<p>[\/vc_column_text][\/vc_column][vc_column width=&#8221;1\/2&#8243;]\n<div class=\"wpcf7 no-js\" id=\"wpcf7-f96-o1\" lang=\"en-US\" dir=\"ltr\">\n<div class=\"screen-reader-response\"><p role=\"status\" aria-live=\"polite\" aria-atomic=\"true\"><\/p> <ul><\/ul><\/div>\n<form action=\"\/index.php\/wp-json\/wp\/v2\/pages\/1726#wpcf7-f96-o1\" method=\"post\" class=\"wpcf7-form init\" aria-label=\"Contact form\" novalidate=\"novalidate\" data-status=\"init\">\n<div style=\"display: none;\">\n<input type=\"hidden\" name=\"_wpcf7\" value=\"96\" \/>\n<input type=\"hidden\" name=\"_wpcf7_version\" value=\"5.9.6\" \/>\n<input type=\"hidden\" name=\"_wpcf7_locale\" value=\"en_US\" \/>\n<input type=\"hidden\" name=\"_wpcf7_unit_tag\" value=\"wpcf7-f96-o1\" \/>\n<input type=\"hidden\" name=\"_wpcf7_container_post\" value=\"0\" \/>\n<input type=\"hidden\" name=\"_wpcf7_posted_data_hash\" value=\"\" \/>\n<\/div>\n<div class=\"form-style1 fx-cols-2\">\n\t<div class=\"form-column\">\n\t\t<p><span class=\"wpcf7-form-control-wrap\" data-name=\"text-305\"><input size=\"40\" maxlength=\"80\" class=\"wpcf7-form-control wpcf7-text\" aria-invalid=\"false\" placeholder=\"Ad\u0131n\u0131z\" value=\"\" type=\"text\" name=\"text-305\" \/><\/span>\n\t\t<\/p>\n\t<\/div>\n\t<div class=\"form-column\">\n\t\t<p><span class=\"wpcf7-form-control-wrap\" data-name=\"text-301\"><input size=\"40\" maxlength=\"80\" class=\"wpcf7-form-control wpcf7-text\" aria-invalid=\"false\" placeholder=\"Soyad\u0131n\u0131z\" value=\"\" type=\"text\" name=\"text-301\" \/><\/span>\n\t\t<\/p>\n\t<\/div>\n\t<div class=\"form-column\">\n\t\t<p><span class=\"wpcf7-form-control-wrap\" data-name=\"email-453\"><input size=\"40\" maxlength=\"80\" class=\"wpcf7-form-control wpcf7-email wpcf7-text wpcf7-validates-as-email\" aria-invalid=\"false\" placeholder=\"Email\" value=\"\" type=\"email\" name=\"email-453\" \/><\/span>\n\t\t<\/p>\n\t<\/div>\n\t<div class=\"form-column\">\n\t\t<p><span class=\"wpcf7-form-control-wrap\" data-name=\"text-302\"><input size=\"40\" maxlength=\"80\" class=\"wpcf7-form-control wpcf7-text\" aria-invalid=\"false\" placeholder=\"Telefon\" value=\"\" type=\"text\" name=\"text-302\" \/><\/span>\n\t\t<\/p>\n\t<\/div>\n\t<div class=\"form-column-full\">\n\t\t<p><span class=\"wpcf7-form-control-wrap\" data-name=\"menu-51\"><select class=\"wpcf7-form-control wpcf7-select\" aria-invalid=\"false\" name=\"menu-51\"><option value=\"B\u00f6l\u00fcm Se\u00e7in\">B\u00f6l\u00fcm Se\u00e7in<\/option><option value=\"Tabela\">Tabela<\/option><option value=\"Bask\u0131 Hizmeti\">Bask\u0131 Hizmeti<\/option><option value=\"CNC Kesim\">CNC Kesim<\/option><option value=\"Strafor Kesim\">Strafor Kesim<\/option><\/select><\/span>\n\t\t<\/p>\n\t<\/div>\n\t<div class=\"form-column-full\">\n\t\t<p><span class=\"wpcf7-form-control-wrap\" data-name=\"textarea-117\"><textarea cols=\"40\" rows=\"4\" maxlength=\"400\" class=\"wpcf7-form-control wpcf7-textarea\" aria-invalid=\"false\" placeholder=\"Mesaj\" name=\"textarea-117\"><\/textarea><\/span>\n\t\t<\/p>\n\t<\/div>\n\t<div class=\"form-column-full\">\n\t\t<p><input class=\"wpcf7-form-control wpcf7-submit has-spinner\" type=\"submit\" value=\"G\u00f6nder\" \/>\n\t\t<\/p>\n\t<\/div>\n<\/div><div class=\"wpcf7-response-output\" aria-hidden=\"true\"><\/div>\n<\/form>\n<\/div>\n[\/vc_column][\/vc_row]<\/p>\n","protected":false},"excerpt":{"rendered":"<p>[vc_row][vc_column][vc_empty_space][\/vc_column][\/vc_row][vc_row][vc_column width=&#8221;2\/3&#8243;][vc_column_text] Kartvizit Kartvizit, en basit tan\u0131m\u0131yla \u015fah\u0131slar ya da firmalar i\u00e7in haz\u0131rlanan ve \u00fczerinde tan\u0131t\u0131c\u0131 k\u0131sa bilgilerin yer ald\u0131\u011f\u0131 kartlard\u0131r.Kartvizitte ad\u0131 yazan ki\u015fi bir firmada \u00e7al\u0131\u015f\u0131yorsa kart\u0131n \u00fczerinde tam ad\u0131,\u015firketteki pozisyonu, ileti\u015fim bilgileri ve \u015firketin ileti\u015fim bilgileri bulunur. Bu kartvizit sayesinde m\u00fc\u015fteriler, ihtiya\u00e7 an\u0131nda kolayl\u0131kla kart\u0131n sahibine ula\u015fabilirler. Yani kartvizitler,kolay yolla m\u00fc\u015fterinin akl\u0131nda yer [&hellip;]<\/p>\n","protected":false},"author":1,"featured_media":0,"parent":0,"menu_order":0,"comment_status":"closed","ping_status":"closed","template":"","meta":{"footnotes":""},"_links":{"self":[{"href":"https:\/\/ivmereklam.com\/index.php\/wp-json\/wp\/v2\/pages\/1726"}],"collection":[{"href":"https:\/\/ivmereklam.com\/index.php\/wp-json\/wp\/v2\/pages"}],"about":[{"href":"https:\/\/ivmereklam.com\/index.php\/wp-json\/wp\/v2\/types\/page"}],"author":[{"embeddable":true,"href":"https:\/\/ivmereklam.com\/index.php\/wp-json\/wp\/v2\/users\/1"}],"replies":[{"embeddable":true,"href":"https:\/\/ivmereklam.com\/index.php\/wp-json\/wp\/v2\/comments?post=1726"}],"version-history":[{"count":1,"href":"https:\/\/ivmereklam.com\/index.php\/wp-json\/wp\/v2\/pages\/1726\/revisions"}],"predecessor-version":[{"id":1735,"href":"https:\/\/ivmereklam.com\/index.php\/wp-json\/wp\/v2\/pages\/1726\/revisions\/1735"}],"wp:attachment":[{"href":"https:\/\/ivmereklam.com\/index.php\/wp-json\/wp\/v2\/media?parent=1726"}],"curies":[{"name":"wp","href":"https:\/\/api.w.org\/{rel}","templated":true}]}}