{"id":1715,"date":"2019-10-13T16:47:20","date_gmt":"2019-10-13T16:47:20","guid":{"rendered":"https:\/\/ivmereklam.com\/?page_id=1715"},"modified":"2019-10-13T16:47:20","modified_gmt":"2019-10-13T16:47:20","slug":"brosur","status":"publish","type":"page","link":"https:\/\/ivmereklam.com\/index.php\/brosur\/","title":{"rendered":"Bro\u015f\u00fcr"},"content":{"rendered":"<p>[vc_row][vc_column][vc_empty_space][\/vc_column][\/vc_row][vc_row][vc_column width=&#8221;2\/3&#8243;][vc_column_text]<\/p>\n<h3><strong>Bro\u015f\u00fcr<\/strong><\/h3>\n<p>Klasik reklam ara\u00e7lar\u0131n\u0131n en etkililerinden olan bro\u015f\u00fcr, hedef m\u00fc\u015fteri kitlesine ula\u015fmas\u0131 bak\u0131m\u0131ndan ilk s\u0131ralarda yer al\u0131r. Dijital ve ofset bro\u015f\u00fcr haz\u0131rlama, m\u00fc\u015fteriye firman\u0131n varl\u0131\u011f\u0131n\u0131 duyurma, k\u0131sa,etkili ve doyurucu \u00fcr\u00fcn ya da kampanya bilgileri verme ve firma bilinirli\u011fini artt\u0131rma gibi ama\u00e7larla kullan\u0131l\u0131r.<\/p>\n<p>Bro\u015f\u00fcr haz\u0131rlama ve da\u011f\u0131t\u0131m\u0131nda ama\u00e7, firman\u0131n faaliyet y\u00fcr\u00fctt\u00fc\u011f\u00fc alandaki \u00fcr\u00fcnleri ya da hizmetleri hakk\u0131nda net bilgiler vererek m\u00fc\u015fterinin ilgisini \u00e7ekmektir. Bu yolla hem \u00fcr\u00fcnler ve hizmetler hakk\u0131nda m\u00fc\u015fteri bilgilendirilir hem de kampanyalar ve yenilikler duyurulur.<\/p>\n<p>M\u00fc\u015fteriye g\u00f6r\u00fcnen y\u00fcz\u00fcn\u00fcz, sizi anlatan reklam arac\u0131 olan bro\u015f\u00fcr bas\u0131m\u0131nda dikkat edilmesi gereken baz\u0131 noktalar vard\u0131r. \u00d6zen isteyen bu noktalar, en az \u00fcr\u00fcnleriniz ya da hizmetleriniz kadar \u00f6nemlidir. \u00c7\u00fcnk\u00fc ticaretin alt\u0131n kurallar\u0131ndan biri \u00fcr\u00fcn\u00fc ya da hizmeti nas\u0131l sundu\u011funuzdur. Dijital ve ofset bro\u015f\u00fcr \u00f6rnekleri incelendi\u011fi zaman bu noktalar daha iyi anla\u015f\u0131l\u0131r. M\u00fc\u015fterinin dikkatini \u00e7ekmek, onun akl\u0131nda firman\u0131z\u0131n yer tutmas\u0131n\u0131 sa\u011flamak en b\u00fcy\u00fck hedef olmal\u0131d\u0131r.<\/p>\n<p>Bro\u015f\u00fcr taslaklar\u0131 genellikle A4 ve A5 ebatlar\u0131nda olur. Bu bro\u015f\u00fcr ebatlar\u0131ndan en \u00e7ok tercih edilen ise A5\u2019tir. Reklam \u00fcr\u00fcnlerinin genelinde oldu\u011fu gibi bro\u015f\u00fcrlerde de boyutlar \u00f6nemlidir. \u00c7\u00fcnk\u00fc bro\u015f\u00fcr\u00fcn\u00fcz az yer kaplamal\u0131, tek bak\u0131\u015fta bir y\u00fczdeki \u00fcr\u00fcn ya da hizmetlerin tamam\u0131 g\u00f6r\u00fcnebilmeli, ta\u015f\u0131mas\u0131 kolay olmal\u0131d\u0131r. Ayr\u0131ca bro\u015f\u00fcr fiyatlar\u0131 da boyutlara g\u00f6re de\u011fi\u015fir.<\/p>\n<h3><strong>Nelere Dikkat Edilmesi Gerekir?<\/strong><\/h3>\n<p>Dijital ve ofset bro\u015f\u00fcr tasar\u0131mlar\u0131nda dikkat edilmesi gereken \u00f6nemli noktalardan biri de g\u00f6rselliktir. Bro\u015f\u00fcr bas\u0131m\u0131 normal ka\u011f\u0131da ve ku\u015fe ka\u011f\u0131da yap\u0131l\u0131r ancak ku\u015fe ka\u011f\u0131tlara yap\u0131lan bas\u0131mlar zengin bir g\u00f6rsellik sunduklar\u0131 i\u00e7in daha \u00e7ok tercih edilirler. Ayr\u0131ca bro\u015f\u00fcr bask\u0131s\u0131 yaparken renklere de \u00f6zen g\u00f6stermek gerekir. Bro\u015f\u00fcr \u00f6rnekleri incelendi\u011fi zaman da g\u00f6r\u00fclebilece\u011fi gibi dikkat \u00e7ekici renklerin kullan\u0131ld\u0131\u011f\u0131 bro\u015f\u00fcrler m\u00fc\u015fterinin akl\u0131nda daha kal\u0131c\u0131 etkiler b\u0131rak\u0131r ve daha y\u00fcksek oranl\u0131 d\u00f6n\u00fc\u015fler sa\u011flan\u0131r.<\/p>\n<p>Son olarak bro\u015f\u00fcrlerde m\u00fc\u015fterilere verilecek bilgiler ilgi \u00e7ekici olmal\u0131d\u0131r. Gereksiz ayr\u0131nt\u0131lar yerine en k\u0131sa anlat\u0131mla en \u00e7ok bilgi vermek hedeflenmeli, \u00fcr\u00fcn\u00fcn ya da kampanyan\u0131n en b\u00fcy\u00fck \u00f6zelli\u011fi \u00f6n plana \u00e7\u0131kar\u0131lmal\u0131d\u0131r.<\/p>\n<h3><strong>Nas\u0131l Etkili Bro\u015f\u00fcr Yapt\u0131rabilirim?<\/strong><\/h3>\n<p>Vermek istedi\u011finiz mesajlar\u0131 en net \u015fekilde ifade edebilmek, en uygun fiyata en kaliteli hizmeti alabilmek i\u00e7in \u0130vme Reklam\u0131 tercih edebilirsiniz. Sizler i\u00e7in en k\u0131sa s\u00fcrede profesyonel makine parkurumuzda en iyi \u00e7\u00f6z\u00fcmleri sunmaktay\u0131z. Peki bu hizmetten nas\u0131l faydalan\u0131rs\u0131n\u0131z?<\/p>\n<p>A\u015fa\u011f\u0131da yer alan formu doldurarak veya irtibat numaralar\u0131m\u0131zdan bizlerle ileti\u015fime ge\u00e7erek daha detayl\u0131 bilgi alabilir veya bro\u015f\u00fcr bask\u0131 sipari\u015finizi verebilirsiniz.[\/vc_column_text][\/vc_column][vc_column width=&#8221;1\/3&#8243;][vc_gallery type=&#8221;image_grid&#8221; images=&#8221;1716,1717,1718,1719,1720&#8243;][\/vc_column][\/vc_row][vc_row][vc_column width=&#8221;1\/2&#8243;][vc_column_text]<\/p>\n<h6>Sipari\u015f vermek i\u00e7in yanda bulunan sipari\u015fi formunu doldurman\u0131z yeterlidir<\/h6>\n<p>\u0130vme Reklam firmas\u0131na sormak istedi\u011finiz soru \u00f6neri ve g\u00f6r\u00fc\u015flerinizi form arac\u0131l\u0131\u011f\u0131 ile bize iletebilirsiniz. Sorular\u0131n\u0131z\u0131 titizlikle inceleyip en k\u0131sa s\u00fcrede geri d\u00f6n\u00fc\u015f sa\u011flar\u0131z.<\/p>\n<p>Bizimle ileti\u015fim kurdu\u011funuz i\u00e7in te\u015fekk\u00fcr ederiz.<\/p>\n<h6><strong>TELEFONLA ULA\u015eMAK \u0130\u00c7\u0130N:<\/strong><br \/>\n<strong>0462 888 6 444<\/strong><\/h6>\n<p>[\/vc_column_text][\/vc_column][vc_column width=&#8221;1\/2&#8243;]\n<div class=\"wpcf7 no-js\" id=\"wpcf7-f96-o1\" lang=\"en-US\" dir=\"ltr\">\n<div class=\"screen-reader-response\"><p role=\"status\" aria-live=\"polite\" aria-atomic=\"true\"><\/p> <ul><\/ul><\/div>\n<form action=\"\/index.php\/wp-json\/wp\/v2\/pages\/1715#wpcf7-f96-o1\" method=\"post\" class=\"wpcf7-form init\" aria-label=\"Contact form\" novalidate=\"novalidate\" data-status=\"init\">\n<div style=\"display: none;\">\n<input type=\"hidden\" name=\"_wpcf7\" value=\"96\" \/>\n<input type=\"hidden\" name=\"_wpcf7_version\" value=\"5.9.6\" \/>\n<input type=\"hidden\" name=\"_wpcf7_locale\" value=\"en_US\" \/>\n<input type=\"hidden\" name=\"_wpcf7_unit_tag\" value=\"wpcf7-f96-o1\" \/>\n<input type=\"hidden\" name=\"_wpcf7_container_post\" value=\"0\" \/>\n<input type=\"hidden\" name=\"_wpcf7_posted_data_hash\" value=\"\" \/>\n<\/div>\n<div class=\"form-style1 fx-cols-2\">\n\t<div class=\"form-column\">\n\t\t<p><span class=\"wpcf7-form-control-wrap\" data-name=\"text-305\"><input size=\"40\" maxlength=\"80\" class=\"wpcf7-form-control wpcf7-text\" aria-invalid=\"false\" placeholder=\"Ad\u0131n\u0131z\" value=\"\" type=\"text\" name=\"text-305\" \/><\/span>\n\t\t<\/p>\n\t<\/div>\n\t<div class=\"form-column\">\n\t\t<p><span class=\"wpcf7-form-control-wrap\" data-name=\"text-301\"><input size=\"40\" maxlength=\"80\" class=\"wpcf7-form-control wpcf7-text\" aria-invalid=\"false\" placeholder=\"Soyad\u0131n\u0131z\" value=\"\" type=\"text\" name=\"text-301\" \/><\/span>\n\t\t<\/p>\n\t<\/div>\n\t<div class=\"form-column\">\n\t\t<p><span class=\"wpcf7-form-control-wrap\" data-name=\"email-453\"><input size=\"40\" maxlength=\"80\" class=\"wpcf7-form-control wpcf7-email wpcf7-text wpcf7-validates-as-email\" aria-invalid=\"false\" placeholder=\"Email\" value=\"\" type=\"email\" name=\"email-453\" \/><\/span>\n\t\t<\/p>\n\t<\/div>\n\t<div class=\"form-column\">\n\t\t<p><span class=\"wpcf7-form-control-wrap\" data-name=\"text-302\"><input size=\"40\" maxlength=\"80\" class=\"wpcf7-form-control wpcf7-text\" aria-invalid=\"false\" placeholder=\"Telefon\" value=\"\" type=\"text\" name=\"text-302\" \/><\/span>\n\t\t<\/p>\n\t<\/div>\n\t<div class=\"form-column-full\">\n\t\t<p><span class=\"wpcf7-form-control-wrap\" data-name=\"menu-51\"><select class=\"wpcf7-form-control wpcf7-select\" aria-invalid=\"false\" name=\"menu-51\"><option value=\"B\u00f6l\u00fcm Se\u00e7in\">B\u00f6l\u00fcm Se\u00e7in<\/option><option value=\"Tabela\">Tabela<\/option><option value=\"Bask\u0131 Hizmeti\">Bask\u0131 Hizmeti<\/option><option value=\"CNC Kesim\">CNC Kesim<\/option><option value=\"Strafor Kesim\">Strafor Kesim<\/option><\/select><\/span>\n\t\t<\/p>\n\t<\/div>\n\t<div class=\"form-column-full\">\n\t\t<p><span class=\"wpcf7-form-control-wrap\" data-name=\"textarea-117\"><textarea cols=\"40\" rows=\"4\" maxlength=\"400\" class=\"wpcf7-form-control wpcf7-textarea\" aria-invalid=\"false\" placeholder=\"Mesaj\" name=\"textarea-117\"><\/textarea><\/span>\n\t\t<\/p>\n\t<\/div>\n\t<div class=\"form-column-full\">\n\t\t<p><input class=\"wpcf7-form-control wpcf7-submit has-spinner\" type=\"submit\" value=\"G\u00f6nder\" \/>\n\t\t<\/p>\n\t<\/div>\n<\/div><div class=\"wpcf7-response-output\" aria-hidden=\"true\"><\/div>\n<\/form>\n<\/div>\n[\/vc_column][\/vc_row]<\/p>\n","protected":false},"excerpt":{"rendered":"<p>[vc_row][vc_column][vc_empty_space][\/vc_column][\/vc_row][vc_row][vc_column width=&#8221;2\/3&#8243;][vc_column_text] Bro\u015f\u00fcr Klasik reklam ara\u00e7lar\u0131n\u0131n en etkililerinden olan bro\u015f\u00fcr, hedef m\u00fc\u015fteri kitlesine ula\u015fmas\u0131 bak\u0131m\u0131ndan ilk s\u0131ralarda yer al\u0131r. Dijital ve ofset bro\u015f\u00fcr haz\u0131rlama, m\u00fc\u015fteriye firman\u0131n varl\u0131\u011f\u0131n\u0131 duyurma, k\u0131sa,etkili ve doyurucu \u00fcr\u00fcn ya da kampanya bilgileri verme ve firma bilinirli\u011fini artt\u0131rma gibi ama\u00e7larla kullan\u0131l\u0131r. Bro\u015f\u00fcr haz\u0131rlama ve da\u011f\u0131t\u0131m\u0131nda ama\u00e7, firman\u0131n faaliyet y\u00fcr\u00fctt\u00fc\u011f\u00fc alandaki \u00fcr\u00fcnleri ya [&hellip;]<\/p>\n","protected":false},"author":1,"featured_media":0,"parent":0,"menu_order":0,"comment_status":"closed","ping_status":"closed","template":"","meta":{"footnotes":""},"_links":{"self":[{"href":"https:\/\/ivmereklam.com\/index.php\/wp-json\/wp\/v2\/pages\/1715"}],"collection":[{"href":"https:\/\/ivmereklam.com\/index.php\/wp-json\/wp\/v2\/pages"}],"about":[{"href":"https:\/\/ivmereklam.com\/index.php\/wp-json\/wp\/v2\/types\/page"}],"author":[{"embeddable":true,"href":"https:\/\/ivmereklam.com\/index.php\/wp-json\/wp\/v2\/users\/1"}],"replies":[{"embeddable":true,"href":"https:\/\/ivmereklam.com\/index.php\/wp-json\/wp\/v2\/comments?post=1715"}],"version-history":[{"count":1,"href":"https:\/\/ivmereklam.com\/index.php\/wp-json\/wp\/v2\/pages\/1715\/revisions"}],"predecessor-version":[{"id":1721,"href":"https:\/\/ivmereklam.com\/index.php\/wp-json\/wp\/v2\/pages\/1715\/revisions\/1721"}],"wp:attachment":[{"href":"https:\/\/ivmereklam.com\/index.php\/wp-json\/wp\/v2\/media?parent=1715"}],"curies":[{"name":"wp","href":"https:\/\/api.w.org\/{rel}","templated":true}]}}