{"id":1686,"date":"2019-10-13T16:28:16","date_gmt":"2019-10-13T16:28:16","guid":{"rendered":"https:\/\/ivmereklam.com\/?page_id=1686"},"modified":"2019-10-13T16:28:16","modified_gmt":"2019-10-13T16:28:16","slug":"kompozit-tabela","status":"publish","type":"page","link":"https:\/\/ivmereklam.com\/index.php\/kompozit-tabela\/","title":{"rendered":"Kompozit Tabela"},"content":{"rendered":"<p>[vc_row][vc_column][vc_empty_space][\/vc_column][\/vc_row][vc_row][vc_column width=&#8221;2\/3&#8243;][vc_column_text]<\/p>\n<h3><strong>Kompozit Tabela<\/strong><\/h3>\n<p>Al\u00fcminyum Tabelalar, hemen hemen her i\u015fletmede kullan\u0131lan tan\u0131t\u0131m ama\u00e7l\u0131 reklam g\u00f6rselleridir. G\u00f6steri\u015f ve ilgi \u00e7ekicilik a\u00e7\u0131s\u0131ndan son derece \u00f6nemli ara\u00e7lard\u0131r. M\u00fc\u015fterilerin istedikleri \u00f6l\u00e7\u00fc ve boyutlarda, \u0131\u015f\u0131kl\u0131 ya da \u0131\u015f\u0131ks\u0131z olarak haz\u0131rlanabilmektedir. Bu tabelalar, tasar\u0131m ve \u00e7e\u015fit a\u00e7\u0131s\u0131ndan alternatifi olduk\u00e7a \u00e7ok olan \u00fcr\u00fcnlerdir.<\/p>\n<p>I\u015f\u0131kl\u0131 ve \u0131\u015f\u0131ks\u0131z Kompozit Tabela D\u0131\u015f\u0131nda Al\u00fcminyum zemin cephe kaplamas\u0131nda veya tabela zemin uzatmalar\u0131nda da kullan\u0131lmaktad\u0131r. Al\u00fcminyum Zeminler Genelde Elektrostatik Toz boyas\u0131 Kullan\u0131lmaktad\u0131r bu boya al\u00fcminyumun uzun seneler d\u0131\u015f etkilere kar\u015f\u0131 dayanmas\u0131n\u0131 ve g\u00fczel g\u00f6z\u00fckmesini sa\u011flar..<\/p>\n<p>Kompozit Tabela T\u00fcrlerinde Ad\u0131ndanda belli olaca\u011f\u0131 gibi kullan\u0131lan ana malzeme al\u00fcminyumdur, Al\u00fcminyum tabelada yap\u0131lacak boyuta g\u00f6re kal\u0131nl\u0131klar\u0131 1.5mm 2mm 2.5mm ve 3mm et kal\u0131nl\u0131klar\u0131nda \u00fcretim yap\u0131lmaktad\u0131r.. I\u015f\u0131kl\u0131 Al\u00fcminyum Tabelalarda genelde cnc router oyma yap\u0131lan reklam b\u00f6l\u00fcm\u00fcne tersten plexiglass istenilen renkte uygulanarak imal edilir ve ayd\u0131nlatmas\u0131 i\u00e7 kontr\u00fcksiyona florasan lamba tesisat\u0131 yap\u0131larak sa\u011flan\u0131r.<\/p>\n<h3><strong>Kompozit Tabela \u00c7e\u015fitleri<\/strong><\/h3>\n<p>I\u015f\u0131kl\u0131<br \/>\nI\u015f\u0131ks\u0131z<br \/>\nGiydirme<br \/>\nTotem<br \/>\nKutu Harfli<br \/>\nLambiri Giydirmeli<br \/>\nLed Ayd\u0131nlatmal\u0131<br \/>\nElektronik Ve Mekanik<br \/>\nAl\u00fcminyum Tabelalar\u0131n<\/p>\n<h3><strong>Al\u00fcminyum Tabelalar\u0131n Sa\u011flad\u0131\u011f\u0131 Avantajlar<\/strong><\/h3>\n<p>Ana malzemesi al\u00fcminyum oldu\u011fu i\u00e7in uzun \u00f6m\u00fcrl\u00fcd\u00fcrler. Elektr\u00f6statik boyan\u0131n koruma \u00f6zelli\u011fi tabelan\u0131n hava ko\u015fullar\u0131ndan etkilenip paslanmas\u0131n\u0131 engeller. Ayd\u0131nlatma sistemi ile daha da g\u00f6steri\u015fli hale gelirler. Firmalar\u0131n uzaktan tan\u0131nmalar\u0131 ve m\u00fc\u015fteriyi kendilerine \u00e7ekmek i\u00e7in tercih edilmelidirler. \u0130stenilen \u00f6l\u00e7\u00fclerde ve tasar\u0131mda yap\u0131labilmektedir.<\/p>\n<p>Firma renkleri a\u00e7\u0131s\u0131ndan, kullan\u0131lan \u00f6zel boya ile bire bir renk tonu tutturulabilir.<\/p>\n<h3><strong>Vakit Kaybetmeden Sipari\u015finizi Verin!<\/strong><\/h3>\n<p>Firman\u0131za, i\u015fletmenize al\u00fcminyum tabela \u00e7e\u015fitlerinden birini yapt\u0131rmaya karar verdiyseniz \u0130vme reklam\u0131 tercih edebilirsiniz. Sizler i\u00e7in en kaliteli \u00e7\u00f6z\u00fcmleri sunmaktay\u0131z. Profesyonel makina parkular\u0131m\u0131zda en h\u0131zl\u0131 \u015fekilde al\u00fcminyum tabelan\u0131z\u0131 haz\u0131rlamaktay\u0131z. Peki nas\u0131l sipari\u015f verebilirsiniz?<\/p>\n<h6><strong>A\u015fa\u011f\u0131da yer alan formu doldurarak veya irtibat numaralar\u0131m\u0131zdan bizlerle ileti\u015fime ge\u00e7erek daha detayl\u0131 bilgi alabilir veya afi\u015f bask\u0131 sipari\u015finizi verebilirsiniz.<\/strong><\/h6>\n<p>[\/vc_column_text][\/vc_column][vc_column width=&#8221;1\/3&#8243;][vc_gallery type=&#8221;image_grid&#8221; images=&#8221;1687,1688,1689,1690,1691,1692,1693&#8243;][\/vc_column][\/vc_row][vc_row][vc_column width=&#8221;1\/2&#8243;][vc_column_text]<\/p>\n<h6>Sipari\u015f vermek i\u00e7in yanda bulunan sipari\u015fi formunu doldurman\u0131z yeterlidir<\/h6>\n<p>\u0130vme Reklam firmas\u0131na sormak istedi\u011finiz soru \u00f6neri ve g\u00f6r\u00fc\u015flerinizi form arac\u0131l\u0131\u011f\u0131 ile bize iletebilirsiniz. Sorular\u0131n\u0131z\u0131 titizlikle inceleyip en k\u0131sa s\u00fcrede geri d\u00f6n\u00fc\u015f sa\u011flar\u0131z.<\/p>\n<p>Bizimle ileti\u015fim kurdu\u011funuz i\u00e7in te\u015fekk\u00fcr ederiz.<\/p>\n<h6><strong>TELEFONLA ULA\u015eMAK \u0130\u00c7\u0130N:<\/strong><br \/>\n<strong>0462 888 6 444<\/strong><\/h6>\n<p>[\/vc_column_text][\/vc_column][vc_column width=&#8221;1\/2&#8243;]\n<div class=\"wpcf7 no-js\" id=\"wpcf7-f96-o1\" lang=\"en-US\" dir=\"ltr\">\n<div class=\"screen-reader-response\"><p role=\"status\" aria-live=\"polite\" aria-atomic=\"true\"><\/p> <ul><\/ul><\/div>\n<form action=\"\/index.php\/wp-json\/wp\/v2\/pages\/1686#wpcf7-f96-o1\" method=\"post\" class=\"wpcf7-form init\" aria-label=\"Contact form\" novalidate=\"novalidate\" data-status=\"init\">\n<div style=\"display: none;\">\n<input type=\"hidden\" name=\"_wpcf7\" value=\"96\" \/>\n<input type=\"hidden\" name=\"_wpcf7_version\" value=\"5.9.6\" \/>\n<input type=\"hidden\" name=\"_wpcf7_locale\" value=\"en_US\" \/>\n<input type=\"hidden\" name=\"_wpcf7_unit_tag\" value=\"wpcf7-f96-o1\" \/>\n<input type=\"hidden\" name=\"_wpcf7_container_post\" value=\"0\" \/>\n<input type=\"hidden\" name=\"_wpcf7_posted_data_hash\" value=\"\" \/>\n<\/div>\n<div class=\"form-style1 fx-cols-2\">\n\t<div class=\"form-column\">\n\t\t<p><span class=\"wpcf7-form-control-wrap\" data-name=\"text-305\"><input size=\"40\" maxlength=\"80\" class=\"wpcf7-form-control wpcf7-text\" aria-invalid=\"false\" placeholder=\"Ad\u0131n\u0131z\" value=\"\" type=\"text\" name=\"text-305\" \/><\/span>\n\t\t<\/p>\n\t<\/div>\n\t<div class=\"form-column\">\n\t\t<p><span class=\"wpcf7-form-control-wrap\" data-name=\"text-301\"><input size=\"40\" maxlength=\"80\" class=\"wpcf7-form-control wpcf7-text\" aria-invalid=\"false\" placeholder=\"Soyad\u0131n\u0131z\" value=\"\" type=\"text\" name=\"text-301\" \/><\/span>\n\t\t<\/p>\n\t<\/div>\n\t<div class=\"form-column\">\n\t\t<p><span class=\"wpcf7-form-control-wrap\" data-name=\"email-453\"><input size=\"40\" maxlength=\"80\" class=\"wpcf7-form-control wpcf7-email wpcf7-text wpcf7-validates-as-email\" aria-invalid=\"false\" placeholder=\"Email\" value=\"\" type=\"email\" name=\"email-453\" \/><\/span>\n\t\t<\/p>\n\t<\/div>\n\t<div class=\"form-column\">\n\t\t<p><span class=\"wpcf7-form-control-wrap\" data-name=\"text-302\"><input size=\"40\" maxlength=\"80\" class=\"wpcf7-form-control wpcf7-text\" aria-invalid=\"false\" placeholder=\"Telefon\" value=\"\" type=\"text\" name=\"text-302\" \/><\/span>\n\t\t<\/p>\n\t<\/div>\n\t<div class=\"form-column-full\">\n\t\t<p><span class=\"wpcf7-form-control-wrap\" data-name=\"menu-51\"><select class=\"wpcf7-form-control wpcf7-select\" aria-invalid=\"false\" name=\"menu-51\"><option value=\"B\u00f6l\u00fcm Se\u00e7in\">B\u00f6l\u00fcm Se\u00e7in<\/option><option value=\"Tabela\">Tabela<\/option><option value=\"Bask\u0131 Hizmeti\">Bask\u0131 Hizmeti<\/option><option value=\"CNC Kesim\">CNC Kesim<\/option><option value=\"Strafor Kesim\">Strafor Kesim<\/option><\/select><\/span>\n\t\t<\/p>\n\t<\/div>\n\t<div class=\"form-column-full\">\n\t\t<p><span class=\"wpcf7-form-control-wrap\" data-name=\"textarea-117\"><textarea cols=\"40\" rows=\"4\" maxlength=\"400\" class=\"wpcf7-form-control wpcf7-textarea\" aria-invalid=\"false\" placeholder=\"Mesaj\" name=\"textarea-117\"><\/textarea><\/span>\n\t\t<\/p>\n\t<\/div>\n\t<div class=\"form-column-full\">\n\t\t<p><input class=\"wpcf7-form-control wpcf7-submit has-spinner\" type=\"submit\" value=\"G\u00f6nder\" \/>\n\t\t<\/p>\n\t<\/div>\n<\/div><div class=\"wpcf7-response-output\" aria-hidden=\"true\"><\/div>\n<\/form>\n<\/div>\n[\/vc_column][\/vc_row]<\/p>\n","protected":false},"excerpt":{"rendered":"<p>[vc_row][vc_column][vc_empty_space][\/vc_column][\/vc_row][vc_row][vc_column width=&#8221;2\/3&#8243;][vc_column_text] Kompozit Tabela Al\u00fcminyum Tabelalar, hemen hemen her i\u015fletmede kullan\u0131lan tan\u0131t\u0131m ama\u00e7l\u0131 reklam g\u00f6rselleridir. G\u00f6steri\u015f ve ilgi \u00e7ekicilik a\u00e7\u0131s\u0131ndan son derece \u00f6nemli ara\u00e7lard\u0131r. M\u00fc\u015fterilerin istedikleri \u00f6l\u00e7\u00fc ve boyutlarda, \u0131\u015f\u0131kl\u0131 ya da \u0131\u015f\u0131ks\u0131z olarak haz\u0131rlanabilmektedir. Bu tabelalar, tasar\u0131m ve \u00e7e\u015fit a\u00e7\u0131s\u0131ndan alternatifi olduk\u00e7a \u00e7ok olan \u00fcr\u00fcnlerdir. I\u015f\u0131kl\u0131 ve \u0131\u015f\u0131ks\u0131z Kompozit Tabela D\u0131\u015f\u0131nda Al\u00fcminyum zemin cephe [&hellip;]<\/p>\n","protected":false},"author":1,"featured_media":0,"parent":0,"menu_order":0,"comment_status":"closed","ping_status":"closed","template":"","meta":{"footnotes":""},"_links":{"self":[{"href":"https:\/\/ivmereklam.com\/index.php\/wp-json\/wp\/v2\/pages\/1686"}],"collection":[{"href":"https:\/\/ivmereklam.com\/index.php\/wp-json\/wp\/v2\/pages"}],"about":[{"href":"https:\/\/ivmereklam.com\/index.php\/wp-json\/wp\/v2\/types\/page"}],"author":[{"embeddable":true,"href":"https:\/\/ivmereklam.com\/index.php\/wp-json\/wp\/v2\/users\/1"}],"replies":[{"embeddable":true,"href":"https:\/\/ivmereklam.com\/index.php\/wp-json\/wp\/v2\/comments?post=1686"}],"version-history":[{"count":1,"href":"https:\/\/ivmereklam.com\/index.php\/wp-json\/wp\/v2\/pages\/1686\/revisions"}],"predecessor-version":[{"id":1694,"href":"https:\/\/ivmereklam.com\/index.php\/wp-json\/wp\/v2\/pages\/1686\/revisions\/1694"}],"wp:attachment":[{"href":"https:\/\/ivmereklam.com\/index.php\/wp-json\/wp\/v2\/media?parent=1686"}],"curies":[{"name":"wp","href":"https:\/\/api.w.org\/{rel}","templated":true}]}}