{"id":1638,"date":"2019-10-11T20:55:29","date_gmt":"2019-10-11T20:55:29","guid":{"rendered":"https:\/\/ivmereklam.com\/?page_id=1638"},"modified":"2019-10-11T20:55:29","modified_gmt":"2019-10-11T20:55:29","slug":"cnc-kesim","status":"publish","type":"page","link":"https:\/\/ivmereklam.com\/index.php\/cnc-kesim\/","title":{"rendered":"CNC Kesim"},"content":{"rendered":"<p>[vc_row][vc_column][vc_empty_space][\/vc_column][\/vc_row][vc_row][vc_column width=&#8221;2\/3&#8243;][vc_column_text]<\/p>\n<h3><strong>CNC Kesim<\/strong><\/h3>\n<p>CNC Lazer Kesim sanayide kullan\u0131lan \u00fcretim y\u00f6ntemlerinden en yayg\u0131n olanlar\u0131ndan biridir. Lazer, 20. Y\u00fczy\u0131lda icat edilmi\u015f olsa da, hafif sanayide yerini almas\u0131 milenyumdan sonra ortaya \u00e7\u0131km\u0131\u015ft\u0131r. Daha do\u011frusu, mikroskobik i\u015flemler yapan, radyoaktif bir bi\u00e7imlendirme arac\u0131 olan lazerin, yine bu d\u00fczeyde hesap yapan bir teknoloji olan bilgisayaralarla kullan\u0131lmas\u0131 gerekti\u011finden, kullan\u0131m\u0131 bu y\u00fczy\u0131la isabet eder. Aksi halde lazer teknolojisini elle kullanmak hayli tehlikeli ve tabii ki zor bir i\u015flem olacakt\u0131r. \u0130stanbul\u2019da \u00e7ok say\u0131da CNC lazer Kesim yapan firma bulunmakla birlikte firmalar\u0131n \u00e7o\u011funlu\u011fu ikitelli, dudullu mevkiinde yer al\u0131yor. Modern teknolojinin sanayi yat\u0131r\u0131mlar\u0131na en b\u00fcy\u00fck hediyelerinden olan Lazer kesim ekipmanlar\u0131, profesyonel cihazlard\u0131r ve fason i\u015f yapan CNC firmalar\u0131nca bar\u0131nd\u0131r\u0131l\u0131r. Olduk\u00e7a kapsaml\u0131 makineler oldu\u011fundan, fason i\u015f yapan m\u00fcesseseler taraf\u0131ndan kullan\u0131l\u0131rlar.<\/p>\n<p>CNC lazer Kesim fiyatlar\u0131, san\u0131ld\u0131\u011f\u0131 gibi astronomik seviyelerde de\u011fildir. Elbette i\u015fin mahiyetine ve \u00e7a\u011f\u0131na g\u00f6re farkl\u0131 fiyatland\u0131rmalar s\u00f6z konusudur. Bu fiyat standard\u0131n\u0131n belirlenmesinde piyasa ko\u015fullar\u0131 da etkili olurken, birinci seviye belirleyici i\u015fin nevidir. \u00c7ok kapsaml\u0131 projelerde elbette firman\u0131n inisiyatifi do\u011frultusunda fiyat ayarlamalar\u0131 yap\u0131labilirken, par\u00e7a ba\u015f\u0131 fiyat standard\u0131, neredeyse b\u00fct\u00fcn CNC lazer Kesim yapan firmalar i\u00e7in ortalama bir seviyededir.<\/p>\n<p>CNC lazer Kesim yapan firmalar kimler Diye soracak olursak. Bu firmalar\u0131n eski sanayi jargonunda Torna olarak tan\u0131mlanan bi\u00e7imlendirme m\u00fcesseselerinin modern versiyonlar\u0131 oldu\u011funu s\u00f6ylemek yanl\u0131\u015f olmaz. Ancak, elbette Torna ve CNC aras\u0131nda ciddi farklar bulunurken CNC lazer Kesim bamba\u015fka bir i\u015flemdir. Lazer teknolojisi mikronluk hesaplar\u0131n yap\u0131labildi\u011fi, son derece keskin hatlar\u0131n ortaya \u00e7\u0131kar\u0131labildi\u011fi bir teknolojidir. Geleneksel metotlara nazaran son derece h\u0131zl\u0131 ve etkilidir.<\/p>\n<h3><strong>CNC Kesim \u0130le Neler Yapt\u0131rabilirim?<\/strong><\/h3>\n<p>CNC Lazer Kesim tezgahlar\u0131nda, bir\u00e7ok farkl\u0131 malzeme kullan\u0131labilmektedir. Normalde kesimi olduk\u00e7a zor olan metal \u00fcr\u00fcnler dahil olmak \u00fczere ah\u015fap, mdf, al\u00fcminyum, pleksi vb. malzemeler CNC Lazer Kesim teknolojisi ile m\u00fckemmel bi\u00e7imde \u015fekillendirilebilmektedir. Lazerin en b\u00fcy\u00fck avantaj\u0131, bilgisayarda \u00e7izilen projenin, neredeyse s\u0131f\u0131r hata ile bu materyallere uygulanabiliyor olmas\u0131d\u0131r. Ayr\u0131ca CNC lazer Kesim maliyetleri, uzun vadede geleneksel \u00fcr\u00fcnlere g\u00f6re daha uygundur, zira kesme ve bi\u00e7imlendirme u\u00e7lar\u0131n\u0131n de\u011fi\u015fimi ve bak\u0131m\u0131 daha uzun vadede ger\u00e7ekle\u015fmektedir. CNC kesim ile ah\u015fap dekoratifler, pleksiler, standlar ve benzeri bir \u00e7ok \u015fey yapt\u0131rabilirsiniz.<\/p>\n<h3><strong>Nas\u0131l Sipari\u015f Verebilirim?<\/strong><\/h3>\n<p>CNC Kesim ile \u00fcretilen \u00fcr\u00fcnlerimizden sipari\u015f vermeye karar verdiyseniz izlemeniz gereken yol \u00e7ok basittir. Yerinizden bile kalkmadan \u00e7ok kolay bir \u015fekilde \u0130vme Reklama CNC kesim \u00fcr\u00fcnlerinizi yapt\u0131rabilirsiniz. Peki nas\u0131l sipari\u015f verebilirsiniz?<\/p>\n<p>A\u015fa\u011f\u0131da yer alan formu doldurarak veya irtibat numaralar\u0131m\u0131zdan bizlerle ileti\u015fime ge\u00e7erek daha detayl\u0131 bilgi alabilir veya cnc kesim \u00fcr\u00fcnlerimizden istedi\u011fini sipari\u015f verebilirsiniz.[\/vc_column_text][\/vc_column][vc_column width=&#8221;1\/3&#8243;][vc_gallery type=&#8221;image_grid&#8221; images=&#8221;1639,1640,1641,1642,1643,1644,1645&#8243;][\/vc_column][\/vc_row][vc_row][vc_column width=&#8221;1\/2&#8243;][vc_column_text]<\/p>\n<h3><strong>CNC Kesim Sipari\u015fi Verin!<\/strong><\/h3>\n<p>Strafor kesim \u00fcr\u00fcnleri yapt\u0131rmak isterseniz bizlerle ileti\u015fime ge\u00e7in<\/p>\n<p>\u0130vme Reklam firmas\u0131na sormak istedi\u011finiz soru \u00f6neri ve g\u00f6r\u00fc\u015flerinizi form arac\u0131l\u0131\u011f\u0131 ile bize iletebilirsiniz. Sorular\u0131n\u0131z\u0131 titizlikle inceleyip en k\u0131sa s\u00fcrede geri d\u00f6n\u00fc\u015f sa\u011flar\u0131z.<\/p>\n<p>Bizimle ileti\u015fim kurdu\u011funuz i\u00e7in te\u015fekk\u00fcr ederiz.<\/p>\n<h6><strong>TELEFONLA ULA\u015eMAK \u0130\u00c7\u0130N:<\/strong><br \/>\n<strong>0462 888 6 444<\/strong><\/h6>\n<p>[\/vc_column_text][\/vc_column][vc_column width=&#8221;1\/2&#8243;]\n<div class=\"wpcf7 no-js\" id=\"wpcf7-f96-o1\" lang=\"en-US\" dir=\"ltr\">\n<div class=\"screen-reader-response\"><p role=\"status\" aria-live=\"polite\" aria-atomic=\"true\"><\/p> <ul><\/ul><\/div>\n<form action=\"\/index.php\/wp-json\/wp\/v2\/pages\/1638#wpcf7-f96-o1\" method=\"post\" class=\"wpcf7-form init\" aria-label=\"Contact form\" novalidate=\"novalidate\" data-status=\"init\">\n<div style=\"display: none;\">\n<input type=\"hidden\" name=\"_wpcf7\" value=\"96\" \/>\n<input type=\"hidden\" name=\"_wpcf7_version\" value=\"5.9.6\" \/>\n<input type=\"hidden\" name=\"_wpcf7_locale\" value=\"en_US\" \/>\n<input type=\"hidden\" name=\"_wpcf7_unit_tag\" value=\"wpcf7-f96-o1\" \/>\n<input type=\"hidden\" name=\"_wpcf7_container_post\" value=\"0\" \/>\n<input type=\"hidden\" name=\"_wpcf7_posted_data_hash\" value=\"\" \/>\n<\/div>\n<div class=\"form-style1 fx-cols-2\">\n\t<div class=\"form-column\">\n\t\t<p><span class=\"wpcf7-form-control-wrap\" data-name=\"text-305\"><input size=\"40\" maxlength=\"80\" class=\"wpcf7-form-control wpcf7-text\" aria-invalid=\"false\" placeholder=\"Ad\u0131n\u0131z\" value=\"\" type=\"text\" name=\"text-305\" \/><\/span>\n\t\t<\/p>\n\t<\/div>\n\t<div class=\"form-column\">\n\t\t<p><span class=\"wpcf7-form-control-wrap\" data-name=\"text-301\"><input size=\"40\" maxlength=\"80\" class=\"wpcf7-form-control wpcf7-text\" aria-invalid=\"false\" placeholder=\"Soyad\u0131n\u0131z\" value=\"\" type=\"text\" name=\"text-301\" \/><\/span>\n\t\t<\/p>\n\t<\/div>\n\t<div class=\"form-column\">\n\t\t<p><span class=\"wpcf7-form-control-wrap\" data-name=\"email-453\"><input size=\"40\" maxlength=\"80\" class=\"wpcf7-form-control wpcf7-email wpcf7-text wpcf7-validates-as-email\" aria-invalid=\"false\" placeholder=\"Email\" value=\"\" type=\"email\" name=\"email-453\" \/><\/span>\n\t\t<\/p>\n\t<\/div>\n\t<div class=\"form-column\">\n\t\t<p><span class=\"wpcf7-form-control-wrap\" data-name=\"text-302\"><input size=\"40\" maxlength=\"80\" class=\"wpcf7-form-control wpcf7-text\" aria-invalid=\"false\" placeholder=\"Telefon\" value=\"\" type=\"text\" name=\"text-302\" \/><\/span>\n\t\t<\/p>\n\t<\/div>\n\t<div class=\"form-column-full\">\n\t\t<p><span class=\"wpcf7-form-control-wrap\" data-name=\"menu-51\"><select class=\"wpcf7-form-control wpcf7-select\" aria-invalid=\"false\" name=\"menu-51\"><option value=\"B\u00f6l\u00fcm Se\u00e7in\">B\u00f6l\u00fcm Se\u00e7in<\/option><option value=\"Tabela\">Tabela<\/option><option value=\"Bask\u0131 Hizmeti\">Bask\u0131 Hizmeti<\/option><option value=\"CNC Kesim\">CNC Kesim<\/option><option value=\"Strafor Kesim\">Strafor Kesim<\/option><\/select><\/span>\n\t\t<\/p>\n\t<\/div>\n\t<div class=\"form-column-full\">\n\t\t<p><span class=\"wpcf7-form-control-wrap\" data-name=\"textarea-117\"><textarea cols=\"40\" rows=\"4\" maxlength=\"400\" class=\"wpcf7-form-control wpcf7-textarea\" aria-invalid=\"false\" placeholder=\"Mesaj\" name=\"textarea-117\"><\/textarea><\/span>\n\t\t<\/p>\n\t<\/div>\n\t<div class=\"form-column-full\">\n\t\t<p><input class=\"wpcf7-form-control wpcf7-submit has-spinner\" type=\"submit\" value=\"G\u00f6nder\" \/>\n\t\t<\/p>\n\t<\/div>\n<\/div><div class=\"wpcf7-response-output\" aria-hidden=\"true\"><\/div>\n<\/form>\n<\/div>\n[\/vc_column][\/vc_row]<\/p>\n","protected":false},"excerpt":{"rendered":"<p>[vc_row][vc_column][vc_empty_space][\/vc_column][\/vc_row][vc_row][vc_column width=&#8221;2\/3&#8243;][vc_column_text] CNC Kesim CNC Lazer Kesim sanayide kullan\u0131lan \u00fcretim y\u00f6ntemlerinden en yayg\u0131n olanlar\u0131ndan biridir. Lazer, 20. Y\u00fczy\u0131lda icat edilmi\u015f olsa da, hafif sanayide yerini almas\u0131 milenyumdan sonra ortaya \u00e7\u0131km\u0131\u015ft\u0131r. Daha do\u011frusu, mikroskobik i\u015flemler yapan, radyoaktif bir bi\u00e7imlendirme arac\u0131 olan lazerin, yine bu d\u00fczeyde hesap yapan bir teknoloji olan bilgisayaralarla kullan\u0131lmas\u0131 gerekti\u011finden, kullan\u0131m\u0131 bu y\u00fczy\u0131la [&hellip;]<\/p>\n","protected":false},"author":1,"featured_media":0,"parent":0,"menu_order":0,"comment_status":"closed","ping_status":"closed","template":"","meta":{"footnotes":""},"_links":{"self":[{"href":"https:\/\/ivmereklam.com\/index.php\/wp-json\/wp\/v2\/pages\/1638"}],"collection":[{"href":"https:\/\/ivmereklam.com\/index.php\/wp-json\/wp\/v2\/pages"}],"about":[{"href":"https:\/\/ivmereklam.com\/index.php\/wp-json\/wp\/v2\/types\/page"}],"author":[{"embeddable":true,"href":"https:\/\/ivmereklam.com\/index.php\/wp-json\/wp\/v2\/users\/1"}],"replies":[{"embeddable":true,"href":"https:\/\/ivmereklam.com\/index.php\/wp-json\/wp\/v2\/comments?post=1638"}],"version-history":[{"count":2,"href":"https:\/\/ivmereklam.com\/index.php\/wp-json\/wp\/v2\/pages\/1638\/revisions"}],"predecessor-version":[{"id":223871,"href":"https:\/\/ivmereklam.com\/index.php\/wp-json\/wp\/v2\/pages\/1638\/revisions\/223871"}],"wp:attachment":[{"href":"https:\/\/ivmereklam.com\/index.php\/wp-json\/wp\/v2\/media?parent=1638"}],"curies":[{"name":"wp","href":"https:\/\/api.w.org\/{rel}","templated":true}]}}