{"id":1618,"date":"2019-10-11T20:11:18","date_gmt":"2019-10-11T20:11:18","guid":{"rendered":"https:\/\/ivmereklam.com\/?page_id=1618"},"modified":"2019-10-11T20:15:42","modified_gmt":"2019-10-11T20:15:42","slug":"delikli-folyo-baski-one-way-vision","status":"publish","type":"page","link":"https:\/\/ivmereklam.com\/index.php\/delikli-folyo-baski-one-way-vision\/","title":{"rendered":"Delikli Folyo Bask\u0131 (One Way Vision)"},"content":{"rendered":"<p>[vc_row][vc_column][vc_empty_space][\/vc_column][\/vc_row][vc_row][vc_column width=&#8221;2\/3&#8243;][vc_column_text]<\/p>\n<h3><strong>Delikli Folyo Bask\u0131 (One Way Vision)<\/strong><\/h3>\n<p>\u00dcr\u00fcn\u00fcn ismi \u0130ngilizce oldu\u011fu i\u00e7in bu terimden \u00e7ok, toplum aras\u0131nda \u201cdelikli folyo\u201d ad\u0131 ile bilinmekte olan bir t\u00fcr reklam ama\u00e7l\u0131 bask\u0131 prosed\u00fcr\u00fcd\u00fcr. PVC esasl\u0131 bir malzemeden \u00fcretilmekte olup, delikli bir yap\u0131s\u0131 vard\u0131r.<\/p>\n<p>Bask\u0131 yap\u0131lacak olan y\u00fczey beyaz renklidir. Bunun nedeni yap\u0131lacak olan bask\u0131larda daha iyi sonu\u00e7 almak ad\u0131na fonun beyaz olmas\u0131, \u00fcst\u00fcne at\u0131lacak boyalar\u0131n alt\u0131ndan fonun g\u00f6z\u00fckmemesidir. Yap\u0131\u015fkanl\u0131 taraf\u0131n rengi ise siyaht\u0131r. Bunun nedeni ise one way vision bask\u0131 uygulanm\u0131\u015f olan cam bir y\u00fczeyin, i\u00e7 taraf\u0131ndan d\u0131\u015f d\u00fcnyaya bak\u0131ld\u0131\u011f\u0131nda, cam\u0131n \u00fcst\u00fcnde herhangi bir uygulama oldu\u011funun anla\u015f\u0131lmamas\u0131n\u0131 sa\u011flamakt\u0131r. Genel kan\u0131 camlar\u0131n renginin siyah oldu\u011fu y\u00f6n\u00fcndedir. Bu nedenle yap\u0131\u015fkanl\u0131 y\u00fczey siyah renkli olarak \u00fcretilmektedir. Cam y\u00fczeylerde uygulanan teknik vas\u0131tas\u0131 ile, binan\u0131n i\u00e7 taraf\u0131ndan d\u0131\u015far\u0131n\u0131n g\u00f6r\u00fclmesini imk\u00e2n sa\u011flayacak bi\u00e7imde bina giydirme prosed\u00fcrleri yap\u0131labilmektedir.<\/p>\n<p>Eskiden cam y\u00fczeyli binalara giydirme yap\u0131lmak istenildi\u011finde bu prosed\u00fcr \u00e7okta i\u00e7 a\u00e7\u0131c\u0131 sonu\u00e7lar vermemekteydi. \u00c7\u00fcnk\u00fc, cam zeminin \u00fczerine yerle\u015ftirilen malzeme, hem d\u0131\u015far\u0131dan i\u00e7eriyi, daha \u00f6nemlisi i\u00e7eriden d\u0131\u015far\u0131y\u0131 g\u00f6rme olana\u011f\u0131n\u0131 \u00e7ok ciddi oranda k\u0131s\u0131tl\u0131yordu. Fakat one way vision bask\u0131 vas\u0131tas\u0131 ile uygulaman\u0131n yap\u0131ld\u0131\u011f\u0131 y\u00fczeylerde i\u00e7eriden, d\u0131\u015far\u0131y\u0131 g\u00f6rebilme imk\u00e2n\u0131 do\u011fmu\u015ftur. Binaya d\u0131\u015far\u0131dan bak\u0131ld\u0131\u011f\u0131nda reklam yap\u0131lmak istenilen resim rahat\u00e7a ve son derece kaliteli bir bi\u00e7imde sergilenmekte olup binan\u0131n i\u00e7ini g\u00f6rmek ise tamam\u0131yla imk\u00e2ns\u0131z durumdad\u0131r.<\/p>\n<p>Standart d\u00fczeyde yap\u0131lan bir i\u015f\u00e7ilik ile d\u0131\u015far\u0131dan bak\u0131ld\u0131\u011f\u0131nda \u00e7ok g\u00fc\u00e7l\u00fc \u0131\u015f\u0131kta g\u00f6r\u00fcnt\u00fc kalitesi biraz d\u00fc\u015febilmektedir. Ama genel itibariyle minimum %80-85 oran\u0131nda bir g\u00f6r\u00fcnt\u00fc sunmaktad\u0131r. \u0130\u00e7eriden d\u0131\u015far\u0131ya bakmada ise %15-20 aras\u0131 bir kay\u0131p s\u00f6z konusu olabilmektedir. Fakat bu oranlar endi\u015fe edilecek d\u00fczeyde olmay\u0131p olduk\u00e7a etkili sonu\u00e7 sa\u011flamaktad\u0131r.<\/p>\n<h3><strong>Delikli Folyo Bask\u0131 Nerelerde Kullan\u0131l\u0131r ?<\/strong><\/h3>\n<p>One way vision bask\u0131n\u0131n kullan\u0131m alan\u0131 cam y\u00fczeylerdir. Cam y\u00fczeye sahip akl\u0131n\u0131za gelebilecek her alanda rahat\u00e7a kullan\u0131ma makuldur. Cam ile kapl\u0131 bir binan\u0131n d\u0131\u015f cephelerine giydirme prosed\u00fcr\u00fc yap\u0131lmas\u0131 en fazla tercih edilen alan\u0131d\u0131r. Bunu yan\u0131s\u0131ra ara camlar\u0131na eklenecek logolar, ma\u011fazalar\u0131n vitrinlerindeki yaz\u0131larda da bu teknik s\u0131k s\u0131k kullan\u0131lmaktad\u0131r.<br \/>\nDelikli Folyo Avantajlar\u0131 Nelerdir ?<\/p>\n<p>\u0130\u015flemin en b\u00fcy\u00fck \u00fcst\u00fcnl\u00fck cam y\u00fczeylerde, i\u00e7eriden bak\u0131ld\u0131\u011f\u0131nda d\u0131\u015far\u0131y\u0131 g\u00f6rebilme imk\u00e2n\u0131 sa\u011flamas\u0131d\u0131r. 0.15 ile 0.20 mm kal\u0131nl\u0131\u011f\u0131ndaki malzemesi vas\u0131tas\u0131 ile uzman bir ekip taraf\u0131ndan montaj\u0131 ger\u00e7ekle\u015ftirilirse gayet tatmin edici sonu\u00e7lar\u0131n ortaya \u00e7\u0131kmas\u0131 sa\u011flanabilir. Ayr\u0131ca kullan\u0131lan malzemenin yap\u0131\u015fkan\u0131 ne kadar kuvvetli ve deliklerin \u00e7aplar\u0131 ne kadar ufak olursa,resimlik a\u00e7\u0131s\u0131ndan da o kadar iyi sonu\u00e7 verecektir. \u0130nce oldu\u011fu kadar dayan\u0131kl\u0131 da bir malzemeden \u00fcretilmektedir. Bu nedenle formunu g\u00fcvenli\u011fini sa\u011flamak konusu ile ilgili olduk\u00e7a yeteneklidir.<\/p>\n<p>One way vision bask\u0131 y\u00f6nteminde d\u0131\u015f mekan afi\u015flerinin hepsinde oldu\u011fu gibi solvent bazl\u0131 boyalar kullan\u0131lmaktad\u0131r. Solvent bazl\u0131 boyalar d\u0131\u015f etmenlere kar\u015f\u0131 en y\u00fcksek dirence sahip boya \u00e7e\u015fididir. D\u0131\u015f mekana monte edilecek bir metnin ya\u011fmur, kar, yo\u011fun g\u00fcne\u015f \u0131\u015f\u0131klar\u0131 gibi etkenlere maruz kal\u0131naca\u011f\u0131 d\u00fc\u015f\u00fcn\u00fcl\u00fcrse, dayan\u0131kl\u0131 bir boya kullan\u0131lmamas\u0131 halinde yaz\u0131lar\u0131n akmas\u0131 veya renklerinin solmas\u0131 i\u015ften dahi de\u011fildir. Solvent bazl\u0131 boyalar bu durumlar\u0131n \u00f6n\u00fcne ge\u00e7mektedir. Ayr\u0131ca kullan\u0131lan \u00fcr\u00fcn\u00fcn kalitesi, prosed\u00fcr\u00fc yapan ekibin deneyimi gibi etkenler ile kullan\u0131m \u00f6mr\u00fc 1 y\u0131ldan 5 y\u0131la kadar parametrelik g\u00f6steren bir s\u00fcreci kapsamaktad\u0131r.<\/p>\n<h3><strong>Delikli Folyo Sipari\u015finizi Verin!<\/strong><\/h3>\n<p>Firman\u0131z\u0131n, \u00fcr\u00fcnlerinizin, hizmetlerinizin vs. tan\u0131t\u0131m\u0131n\u0131 yapmak i\u00e7in delikli folyo yapt\u0131rmaya karar verdiyseniz \u0130vme reklam\u0131 tercih edebilirsiniz. Sizler i\u00e7in en kaliteli bask\u0131 \u00e7\u00f6z\u00fcmleri sunmaktay\u0131z. Bask\u0131n\u0131n yan\u0131 s\u0131ra firman\u0131z\u0131 en iyi \u015fekilde temsil edece tasar\u0131mlar\u0131 profesyonel \u015fekilde haz\u0131rlamaktay\u0131z. Peki delikli folyo hizmetimizden nas\u0131l yararlanabilirsiniz?<\/p>\n<p>A\u015fa\u011f\u0131da yer alan formu doldurarak veya irtibat numaralar\u0131m\u0131zdan bizlerle ileti\u015fime ge\u00e7erek daha detayl\u0131 bilgi alabilir veya delikli folyo bask\u0131 sipari\u015finizi verebilirsiniz.[\/vc_column_text][\/vc_column][vc_column width=&#8221;1\/3&#8243;][vc_gallery type=&#8221;image_grid&#8221; images=&#8221;1620,1621,1622,1623,1624,1625,1626&#8243;][\/vc_column][\/vc_row][vc_row][vc_column width=&#8221;1\/2&#8243;][vc_column_text]<\/p>\n<h3><strong>Delikli Folyo Bask\u0131 (One Way Vision) Sipari\u015fi Verin!<\/strong><\/h3>\n<p>Strafor kesim \u00fcr\u00fcnleri yapt\u0131rmak isterseniz bizlerle ileti\u015fime ge\u00e7in<\/p>\n<p>\u0130vme Reklam firmas\u0131na sormak istedi\u011finiz soru \u00f6neri ve g\u00f6r\u00fc\u015flerinizi form arac\u0131l\u0131\u011f\u0131 ile bize iletebilirsiniz. Sorular\u0131n\u0131z\u0131 titizlikle inceleyip en k\u0131sa s\u00fcrede geri d\u00f6n\u00fc\u015f sa\u011flar\u0131z.<\/p>\n<p>Bizimle ileti\u015fim kurdu\u011funuz i\u00e7in te\u015fekk\u00fcr ederiz.<\/p>\n<h6><strong>TELEFONLA ULA\u015eMAK \u0130\u00c7\u0130N:<\/strong><br \/>\n<strong>0462 888 6 444<\/strong><\/h6>\n<p>[\/vc_column_text][\/vc_column][vc_column width=&#8221;1\/2&#8243;]\n<div class=\"wpcf7 no-js\" id=\"wpcf7-f96-o1\" lang=\"en-US\" dir=\"ltr\">\n<div class=\"screen-reader-response\"><p role=\"status\" aria-live=\"polite\" aria-atomic=\"true\"><\/p> <ul><\/ul><\/div>\n<form action=\"\/index.php\/wp-json\/wp\/v2\/pages\/1618#wpcf7-f96-o1\" method=\"post\" class=\"wpcf7-form init\" aria-label=\"Contact form\" novalidate=\"novalidate\" data-status=\"init\">\n<div style=\"display: none;\">\n<input type=\"hidden\" name=\"_wpcf7\" value=\"96\" \/>\n<input type=\"hidden\" name=\"_wpcf7_version\" value=\"5.9.6\" \/>\n<input type=\"hidden\" name=\"_wpcf7_locale\" value=\"en_US\" \/>\n<input type=\"hidden\" name=\"_wpcf7_unit_tag\" value=\"wpcf7-f96-o1\" \/>\n<input type=\"hidden\" name=\"_wpcf7_container_post\" value=\"0\" \/>\n<input type=\"hidden\" name=\"_wpcf7_posted_data_hash\" value=\"\" \/>\n<\/div>\n<div class=\"form-style1 fx-cols-2\">\n\t<div class=\"form-column\">\n\t\t<p><span class=\"wpcf7-form-control-wrap\" data-name=\"text-305\"><input size=\"40\" maxlength=\"80\" class=\"wpcf7-form-control wpcf7-text\" aria-invalid=\"false\" placeholder=\"Ad\u0131n\u0131z\" value=\"\" type=\"text\" name=\"text-305\" \/><\/span>\n\t\t<\/p>\n\t<\/div>\n\t<div class=\"form-column\">\n\t\t<p><span class=\"wpcf7-form-control-wrap\" data-name=\"text-301\"><input size=\"40\" maxlength=\"80\" class=\"wpcf7-form-control wpcf7-text\" aria-invalid=\"false\" placeholder=\"Soyad\u0131n\u0131z\" value=\"\" type=\"text\" name=\"text-301\" \/><\/span>\n\t\t<\/p>\n\t<\/div>\n\t<div class=\"form-column\">\n\t\t<p><span class=\"wpcf7-form-control-wrap\" data-name=\"email-453\"><input size=\"40\" maxlength=\"80\" class=\"wpcf7-form-control wpcf7-email wpcf7-text wpcf7-validates-as-email\" aria-invalid=\"false\" placeholder=\"Email\" value=\"\" type=\"email\" name=\"email-453\" \/><\/span>\n\t\t<\/p>\n\t<\/div>\n\t<div class=\"form-column\">\n\t\t<p><span class=\"wpcf7-form-control-wrap\" data-name=\"text-302\"><input size=\"40\" maxlength=\"80\" class=\"wpcf7-form-control wpcf7-text\" aria-invalid=\"false\" placeholder=\"Telefon\" value=\"\" type=\"text\" name=\"text-302\" \/><\/span>\n\t\t<\/p>\n\t<\/div>\n\t<div class=\"form-column-full\">\n\t\t<p><span class=\"wpcf7-form-control-wrap\" data-name=\"menu-51\"><select class=\"wpcf7-form-control wpcf7-select\" aria-invalid=\"false\" name=\"menu-51\"><option value=\"B\u00f6l\u00fcm Se\u00e7in\">B\u00f6l\u00fcm Se\u00e7in<\/option><option value=\"Tabela\">Tabela<\/option><option value=\"Bask\u0131 Hizmeti\">Bask\u0131 Hizmeti<\/option><option value=\"CNC Kesim\">CNC Kesim<\/option><option value=\"Strafor Kesim\">Strafor Kesim<\/option><\/select><\/span>\n\t\t<\/p>\n\t<\/div>\n\t<div class=\"form-column-full\">\n\t\t<p><span class=\"wpcf7-form-control-wrap\" data-name=\"textarea-117\"><textarea cols=\"40\" rows=\"4\" maxlength=\"400\" class=\"wpcf7-form-control wpcf7-textarea\" aria-invalid=\"false\" placeholder=\"Mesaj\" name=\"textarea-117\"><\/textarea><\/span>\n\t\t<\/p>\n\t<\/div>\n\t<div class=\"form-column-full\">\n\t\t<p><input class=\"wpcf7-form-control wpcf7-submit has-spinner\" type=\"submit\" value=\"G\u00f6nder\" \/>\n\t\t<\/p>\n\t<\/div>\n<\/div><div class=\"wpcf7-response-output\" aria-hidden=\"true\"><\/div>\n<\/form>\n<\/div>\n[\/vc_column][\/vc_row]<\/p>\n","protected":false},"excerpt":{"rendered":"<p>[vc_row][vc_column][vc_empty_space][\/vc_column][\/vc_row][vc_row][vc_column width=&#8221;2\/3&#8243;][vc_column_text] Delikli Folyo Bask\u0131 (One Way Vision) \u00dcr\u00fcn\u00fcn ismi \u0130ngilizce oldu\u011fu i\u00e7in bu terimden \u00e7ok, toplum aras\u0131nda \u201cdelikli folyo\u201d ad\u0131 ile bilinmekte olan bir t\u00fcr reklam ama\u00e7l\u0131 bask\u0131 prosed\u00fcr\u00fcd\u00fcr. PVC esasl\u0131 bir malzemeden \u00fcretilmekte olup, delikli bir yap\u0131s\u0131 vard\u0131r. Bask\u0131 yap\u0131lacak olan y\u00fczey beyaz renklidir. Bunun nedeni yap\u0131lacak olan bask\u0131larda daha iyi sonu\u00e7 almak [&hellip;]<\/p>\n","protected":false},"author":1,"featured_media":0,"parent":0,"menu_order":0,"comment_status":"closed","ping_status":"closed","template":"","meta":{"footnotes":""},"_links":{"self":[{"href":"https:\/\/ivmereklam.com\/index.php\/wp-json\/wp\/v2\/pages\/1618"}],"collection":[{"href":"https:\/\/ivmereklam.com\/index.php\/wp-json\/wp\/v2\/pages"}],"about":[{"href":"https:\/\/ivmereklam.com\/index.php\/wp-json\/wp\/v2\/types\/page"}],"author":[{"embeddable":true,"href":"https:\/\/ivmereklam.com\/index.php\/wp-json\/wp\/v2\/users\/1"}],"replies":[{"embeddable":true,"href":"https:\/\/ivmereklam.com\/index.php\/wp-json\/wp\/v2\/comments?post=1618"}],"version-history":[{"count":4,"href":"https:\/\/ivmereklam.com\/index.php\/wp-json\/wp\/v2\/pages\/1618\/revisions"}],"predecessor-version":[{"id":1630,"href":"https:\/\/ivmereklam.com\/index.php\/wp-json\/wp\/v2\/pages\/1618\/revisions\/1630"}],"wp:attachment":[{"href":"https:\/\/ivmereklam.com\/index.php\/wp-json\/wp\/v2\/media?parent=1618"}],"curies":[{"name":"wp","href":"https:\/\/api.w.org\/{rel}","templated":true}]}}