{"id":1614,"date":"2019-10-11T20:07:09","date_gmt":"2019-10-11T20:07:09","guid":{"rendered":"https:\/\/ivmereklam.com\/?page_id=1614"},"modified":"2019-10-11T20:08:20","modified_gmt":"2019-10-11T20:08:20","slug":"seffaf-folyo-baski","status":"publish","type":"page","link":"https:\/\/ivmereklam.com\/index.php\/seffaf-folyo-baski\/","title":{"rendered":"\u015eeffaf Folyo Bask\u0131"},"content":{"rendered":"<p>[vc_row][vc_column][vc_empty_space][\/vc_column][\/vc_row][vc_row][vc_column width=&#8221;2\/3&#8243;][vc_column_text]<\/p>\n<h3><strong>\u015eeffaf Folyo Bask\u0131<\/strong><\/h3>\n<p>\u0130sminden de anla\u015f\u0131laca\u011f\u0131 gibi folyonun \u015feffaf olan\u0131d\u0131r. Uzun \u00f6m\u00fcrl\u00fc, maliyeti d\u00fc\u015f\u00fck ve rahat bir malzemedir. En \u00f6nemli tercih nedeni arka y\u00fczeyinin yap\u0131\u015fkanl\u0131 olmas\u0131d\u0131r. Yard\u0131mc\u0131 malzemeye ihtiya\u00e7 duymadan uygulanabilir. PVC esasl\u0131 bir malzemedir, m2 ba\u015f\u0131na gram a\u011f\u0131rl\u0131\u011f\u0131 (m2\/gr)d\u0131r.<\/p>\n<h3><strong>\u015eeffaf Folyo Bask\u0131 Nas\u0131l Yap\u0131l\u0131r?<\/strong><\/h3>\n<p>Rulo halindeki \u015feffaf folyo dijital bask\u0131 makinesine yerle\u015ftirilir. Tasar\u0131m\u0131 yap\u0131lm\u0131\u015f \u00e7al\u0131\u015fma da makineye g\u00f6nderilir. \u015eeffaf folyolara bask\u0131 yap\u0131l\u0131rken farkl\u0131 bir y\u00f6ntem uygulan\u0131r. Tasar\u0131m\u0131 yap\u0131lan g\u00f6rsel ters bask\u0131 ile uygulan\u0131r. Y\u00fcksek kalitedeki imajlar y\u00fcksek \u00e7\u00f6z\u00fcn\u00fcrl\u00fckl\u00fc makinelerde bas\u0131l\u0131r. Yak\u0131ndan bak\u0131ld\u0131\u011f\u0131nda p\u00fcr\u00fczs\u00fcz bir g\u00f6r\u00fcnt\u00fc elde edilir. Yakla\u015f\u0131k 3 saat dinlendikten sonra uygulamaya haz\u0131r hale gelir. \u015eeffaf bask\u0131 i\u00e7erden yap\u0131\u015ft\u0131r\u0131l\u0131r.<br \/>\n\u015eeffaf Folyo Bask\u0131 Nerede Kullan\u0131l\u0131r?<\/p>\n<p>A\u011f\u0131rl\u0131kl\u0131 olarak cam y\u00fczeylerde kullan\u0131l\u0131r. \u00d6zellikle vitrin camlar\u0131nda arka taraf\u0131 net bir \u015fekilde g\u00f6sterir. \u015eeffaf Folyo Bask\u0131, d\u0131\u015f mekanlar\u0131n yan\u0131nda i\u00e7 mekanlarda da kullan\u0131labilir. Cam ve pleksi y\u00fczeylerde yap\u0131\u015ft\u0131rmas\u0131 kolay oldu\u011fu i\u00e7in uygulan\u0131r. Yap\u0131\u015ft\u0131r\u0131lacak alan\u0131n temiz ve tozsuz olmas\u0131 gerekmektedir.<\/p>\n<p>T\u00fcm folyo t\u00fcrleri gibi kendinden yap\u0131\u015fkanl\u0131d\u0131r. Transparan \u00f6zelli\u011fe sahip oldu\u011fu i\u00e7in transparan folyo diye de an\u0131l\u0131r. Parlak ve mat olarak ikiye ayr\u0131l\u0131r.<\/p>\n<h3><strong>Hemen \u015eeffaf Folyo Sipari\u015fi Verebilirsiniz<\/strong><\/h3>\n<p>Firman\u0131z\u0131n, \u00fcr\u00fcnlerinizin, hizmetlerinizin vs. tan\u0131t\u0131m\u0131n\u0131 yapmak i\u00e7in \u015feffaf folyo yapt\u0131rmaya karar verdiyseniz \u0130vme reklam\u0131 tercih edebilirsiniz. Sizler i\u00e7in en kaliteli bask\u0131 \u00e7\u00f6z\u00fcmleri sunmaktay\u0131z. Bask\u0131n\u0131n yan\u0131 s\u0131ra firman\u0131z\u0131 en iyi \u015fekilde temsil edecek \u015feffaf folyo tasar\u0131m\u0131n\u0131 profesyonel \u015fekilde haz\u0131rlamaktay\u0131z. Peki bu hizmetten nas\u0131l yararlanabilirsiniz?<\/p>\n<p>A\u015fa\u011f\u0131da yer alan formu doldurarak veya irtibat numaralar\u0131m\u0131zdan bizlerle ileti\u015fime ge\u00e7erek daha detayl\u0131 bilgi alabilir veya \u015feffaf folyo bask\u0131 sipari\u015finizi verebilirsiniz.[\/vc_column_text][\/vc_column][vc_column width=&#8221;1\/3&#8243;][\/vc_column][\/vc_row][vc_row][vc_column width=&#8221;1\/2&#8243;][vc_column_text]<\/p>\n<h3><strong>\u015eeffaf Folyo Bask\u0131 Sipari\u015fi Verin!<\/strong><\/h3>\n<p>Strafor kesim \u00fcr\u00fcnleri yapt\u0131rmak isterseniz bizlerle ileti\u015fime ge\u00e7in<\/p>\n<p>\u0130vme Reklam firmas\u0131na sormak istedi\u011finiz soru \u00f6neri ve g\u00f6r\u00fc\u015flerinizi form arac\u0131l\u0131\u011f\u0131 ile bize iletebilirsiniz. Sorular\u0131n\u0131z\u0131 titizlikle inceleyip en k\u0131sa s\u00fcrede geri d\u00f6n\u00fc\u015f sa\u011flar\u0131z.<\/p>\n<p>Bizimle ileti\u015fim kurdu\u011funuz i\u00e7in te\u015fekk\u00fcr ederiz.<\/p>\n<p>TELEFONLA ULA\u015eMAK \u0130\u00c7\u0130N:<br \/>\n0462 888 6 444[\/vc_column_text][\/vc_column][vc_column width=&#8221;1\/2&#8243;]\n<div class=\"wpcf7 no-js\" id=\"wpcf7-f96-o1\" lang=\"en-US\" dir=\"ltr\">\n<div class=\"screen-reader-response\"><p role=\"status\" aria-live=\"polite\" aria-atomic=\"true\"><\/p> <ul><\/ul><\/div>\n<form action=\"\/index.php\/wp-json\/wp\/v2\/pages\/1614#wpcf7-f96-o1\" method=\"post\" class=\"wpcf7-form init\" aria-label=\"Contact form\" novalidate=\"novalidate\" data-status=\"init\">\n<div style=\"display: none;\">\n<input type=\"hidden\" name=\"_wpcf7\" value=\"96\" \/>\n<input type=\"hidden\" name=\"_wpcf7_version\" value=\"5.9.6\" \/>\n<input type=\"hidden\" name=\"_wpcf7_locale\" value=\"en_US\" \/>\n<input type=\"hidden\" name=\"_wpcf7_unit_tag\" value=\"wpcf7-f96-o1\" \/>\n<input type=\"hidden\" name=\"_wpcf7_container_post\" value=\"0\" \/>\n<input type=\"hidden\" name=\"_wpcf7_posted_data_hash\" value=\"\" \/>\n<\/div>\n<div class=\"form-style1 fx-cols-2\">\n\t<div class=\"form-column\">\n\t\t<p><span class=\"wpcf7-form-control-wrap\" data-name=\"text-305\"><input size=\"40\" maxlength=\"80\" class=\"wpcf7-form-control wpcf7-text\" aria-invalid=\"false\" placeholder=\"Ad\u0131n\u0131z\" value=\"\" type=\"text\" name=\"text-305\" \/><\/span>\n\t\t<\/p>\n\t<\/div>\n\t<div class=\"form-column\">\n\t\t<p><span class=\"wpcf7-form-control-wrap\" data-name=\"text-301\"><input size=\"40\" maxlength=\"80\" class=\"wpcf7-form-control wpcf7-text\" aria-invalid=\"false\" placeholder=\"Soyad\u0131n\u0131z\" value=\"\" type=\"text\" name=\"text-301\" \/><\/span>\n\t\t<\/p>\n\t<\/div>\n\t<div class=\"form-column\">\n\t\t<p><span class=\"wpcf7-form-control-wrap\" data-name=\"email-453\"><input size=\"40\" maxlength=\"80\" class=\"wpcf7-form-control wpcf7-email wpcf7-text wpcf7-validates-as-email\" aria-invalid=\"false\" placeholder=\"Email\" value=\"\" type=\"email\" name=\"email-453\" \/><\/span>\n\t\t<\/p>\n\t<\/div>\n\t<div class=\"form-column\">\n\t\t<p><span class=\"wpcf7-form-control-wrap\" data-name=\"text-302\"><input size=\"40\" maxlength=\"80\" class=\"wpcf7-form-control wpcf7-text\" aria-invalid=\"false\" placeholder=\"Telefon\" value=\"\" type=\"text\" name=\"text-302\" \/><\/span>\n\t\t<\/p>\n\t<\/div>\n\t<div class=\"form-column-full\">\n\t\t<p><span class=\"wpcf7-form-control-wrap\" data-name=\"menu-51\"><select class=\"wpcf7-form-control wpcf7-select\" aria-invalid=\"false\" name=\"menu-51\"><option value=\"B\u00f6l\u00fcm Se\u00e7in\">B\u00f6l\u00fcm Se\u00e7in<\/option><option value=\"Tabela\">Tabela<\/option><option value=\"Bask\u0131 Hizmeti\">Bask\u0131 Hizmeti<\/option><option value=\"CNC Kesim\">CNC Kesim<\/option><option value=\"Strafor Kesim\">Strafor Kesim<\/option><\/select><\/span>\n\t\t<\/p>\n\t<\/div>\n\t<div class=\"form-column-full\">\n\t\t<p><span class=\"wpcf7-form-control-wrap\" data-name=\"textarea-117\"><textarea cols=\"40\" rows=\"4\" maxlength=\"400\" class=\"wpcf7-form-control wpcf7-textarea\" aria-invalid=\"false\" placeholder=\"Mesaj\" name=\"textarea-117\"><\/textarea><\/span>\n\t\t<\/p>\n\t<\/div>\n\t<div class=\"form-column-full\">\n\t\t<p><input class=\"wpcf7-form-control wpcf7-submit has-spinner\" type=\"submit\" value=\"G\u00f6nder\" \/>\n\t\t<\/p>\n\t<\/div>\n<\/div><div class=\"wpcf7-response-output\" aria-hidden=\"true\"><\/div>\n<\/form>\n<\/div>\n[\/vc_column][\/vc_row]<\/p>\n","protected":false},"excerpt":{"rendered":"<p>[vc_row][vc_column][vc_empty_space][\/vc_column][\/vc_row][vc_row][vc_column width=&#8221;2\/3&#8243;][vc_column_text] \u015eeffaf Folyo Bask\u0131 \u0130sminden de anla\u015f\u0131laca\u011f\u0131 gibi folyonun \u015feffaf olan\u0131d\u0131r. Uzun \u00f6m\u00fcrl\u00fc, maliyeti d\u00fc\u015f\u00fck ve rahat bir malzemedir. En \u00f6nemli tercih nedeni arka y\u00fczeyinin yap\u0131\u015fkanl\u0131 olmas\u0131d\u0131r. Yard\u0131mc\u0131 malzemeye ihtiya\u00e7 duymadan uygulanabilir. PVC esasl\u0131 bir malzemedir, m2 ba\u015f\u0131na gram a\u011f\u0131rl\u0131\u011f\u0131 (m2\/gr)d\u0131r. \u015eeffaf Folyo Bask\u0131 Nas\u0131l Yap\u0131l\u0131r? Rulo halindeki \u015feffaf folyo dijital bask\u0131 makinesine yerle\u015ftirilir. [&hellip;]<\/p>\n","protected":false},"author":1,"featured_media":0,"parent":0,"menu_order":0,"comment_status":"closed","ping_status":"closed","template":"","meta":{"footnotes":""},"_links":{"self":[{"href":"https:\/\/ivmereklam.com\/index.php\/wp-json\/wp\/v2\/pages\/1614"}],"collection":[{"href":"https:\/\/ivmereklam.com\/index.php\/wp-json\/wp\/v2\/pages"}],"about":[{"href":"https:\/\/ivmereklam.com\/index.php\/wp-json\/wp\/v2\/types\/page"}],"author":[{"embeddable":true,"href":"https:\/\/ivmereklam.com\/index.php\/wp-json\/wp\/v2\/users\/1"}],"replies":[{"embeddable":true,"href":"https:\/\/ivmereklam.com\/index.php\/wp-json\/wp\/v2\/comments?post=1614"}],"version-history":[{"count":2,"href":"https:\/\/ivmereklam.com\/index.php\/wp-json\/wp\/v2\/pages\/1614\/revisions"}],"predecessor-version":[{"id":1617,"href":"https:\/\/ivmereklam.com\/index.php\/wp-json\/wp\/v2\/pages\/1614\/revisions\/1617"}],"wp:attachment":[{"href":"https:\/\/ivmereklam.com\/index.php\/wp-json\/wp\/v2\/media?parent=1614"}],"curies":[{"name":"wp","href":"https:\/\/api.w.org\/{rel}","templated":true}]}}