{"id":1571,"date":"2019-10-11T19:28:35","date_gmt":"2019-10-11T19:28:35","guid":{"rendered":"https:\/\/ivmereklam.com\/?page_id=1571"},"modified":"2019-10-11T19:28:35","modified_gmt":"2019-10-11T19:28:35","slug":"strafor-tabela","status":"publish","type":"page","link":"https:\/\/ivmereklam.com\/index.php\/strafor-tabela\/","title":{"rendered":"Strafor Tabela"},"content":{"rendered":"<p>[vc_row][vc_column][vc_empty_space][\/vc_column][\/vc_row][vc_row][vc_column width=&#8221;2\/3&#8243;][vc_column_text]<\/p>\n<h3><strong>Strafor Tabela<\/strong><\/h3>\n<p>Strafor Tabela malzemesi k\u00f6p\u00fck olan genel olarak i\u00e7 mek\u00e2nlarda kullan\u0131lan ancak d\u0131\u015f mekanlar i\u00e7inde kullan\u0131ma makul olan tabela \u00e7e\u015fididir. G\u00f6rsel olarak di\u011fer tabela \u00e7e\u015fitlerinden farkl\u0131d\u0131r. Haz\u0131rlanan reklam tabelas\u0131 genellikle \u00fc\u00e7 boyutlu olarak geli\u015ftirilmi\u015f ve geni\u015f\u00e7e bir y\u00fczeye resimli\u011fi ilgi \u00e7ekici boyutlarda monte edilir. Strafor tabela geli\u015ftirilen reklam \u00e7izimi k\u00f6p\u00fck malzeme \u00fczerine \u00e7izilir cnc router kesim makinesi ile kesilerek istenilen logo ya da harfler y\u00fczeye i\u015flenir. Maliyeti di\u011fer tabela \u00e7e\u015fitlerine g\u00f6re son derece makuldur. Maliyetinin d\u00fc\u015f\u00fck olmas\u0131 nedeniyle fuarlarda tan\u0131t\u0131m stantlar\u0131nda ve i\u00e7 mek\u00e2n alanlarda en fazla tercih edilen tabela \u00e7e\u015fididir.<\/p>\n<p>Dijital ortamda m\u00fc\u015fterilerin be\u011fenileri ve uyar\u0131lar\u0131 \u0131\u015f\u0131\u011f\u0131nda tasarlan\u0131p haz\u0131rlanan ve uygulanan strafor tabelalar \u00e7ok \u00e7e\u015fitli olabiliyor. \u0130stenilen renkte d\u00fcz veya renkli simli LED \u0131\u015f\u0131kl\u0131 ve akla gelebilecek bir\u00e7ok bi\u00e7im ve renkte haz\u0131rlanan hafif harfler ya da logolarla olu\u015fturulan \u00e7ok ufak ya da b\u00fcy\u00fck bi\u00e7imlerden olu\u015fabilen tabela i\u00e7 mek\u00e2n veya d\u0131\u015f y\u00fczey d\u00e2hil istenilen her y\u00fczeye uygulanabilir hatta tamam\u0131yla \u00fc\u00e7 boyut olarak tasarlan\u0131p mek\u00e2n i\u00e7ine konumland\u0131r\u0131labilir.<\/p>\n<p>Art\u0131k geli\u015fen teknoloji ile online ortamda istenilen b\u00fct\u00fcn \u00f6zelliklere g\u00f6re k\u0131sa s\u00fcrelerde bile strafor tabela haz\u0131rlamak m\u00fcmk\u00fcn. Yeter ki bi\u00e7im boyut ve dizayn\u0131na karar verilsin. \u0130stenilen her \u00e7e\u015fitte strafor tabela tasarlayabiliyoruz. \u00d6rne\u011fin: pkatiyennmaz \u0131\u015f\u0131kl\u0131 kutu bi\u00e7imli, yaln\u0131zca \u0131\u015f\u0131kl\u0131 kutu bi\u00e7imli, yaln\u0131zca pkatiyennmaz kutu bi\u00e7imli, \u0131\u015f\u0131k t\u00fcneli bi\u00e7imli, s\u00fcper ince \u0131\u015f\u0131kl\u0131 bi\u00e7imli (performik), pkatiyennmaz kutu harf tarz\u0131nda, akrilik k\u00fcrs\u00fc bi\u00e7iminde, otel kap\u0131 numaras\u0131 bi\u00e7iminde, pleksi k\u00fcrs\u00fc bi\u00e7iminde, power ledli reklam pano bi\u00e7iminde, istek \u015fik\u00e2yet kutular\u0131 bi\u00e7iminde, thin light box bi\u00e7iminde \u00e7e\u015fitleri mevcuttur.<\/p>\n<h3><strong>Nerelerde Kullan\u0131l\u0131r?<\/strong><\/h3>\n<p>Evde bah\u00e7ede ve ofis ortam\u0131nda bile kullan\u0131labilen istenilen ya\u015fam ortam\u0131na ula\u015fmak i\u00e7in geli\u015ftirilmi\u015f strafor tabela bize o atmosrefi ya\u015fatabiliyor. Fuarlarda vazge\u00e7ilmez al\u0131\u015fkanl\u0131k haline gelen strafor tabela logo ve harflerden sonra strafordan yap\u0131lan ve istenilen sertlikte geli\u015ftirilmi\u015f masa ve sandalyelerde art\u0131k vazge\u00e7ilmezler aras\u0131na giriyor. Al\u0131\u015f veri\u015f merkezlerinde ve vitrin s\u00fcslemelerinde firmalara rakiplerine kar\u015f\u0131 avantaj sa\u011fl\u0131yor. Seminer, fuar, ofis, bah\u00e7e gibi bir \u00e7ok alanda strafor tabelay\u0131 tercih edebilirsiniz.<\/p>\n<h3><strong>Vakit Kaybetmeden Sipari\u015f Verin!<\/strong><\/h3>\n<p>H\u0131zla geli\u015fen sanal d\u00fcnya bir \u00e7ok avantaj\u0131 aya\u011f\u0131m\u0131za kadar getiriyor. \u0130vme Reklam sayesinde yerinizden bile kalkmadan istedi\u011finiz ebata, \u015fekilde, renklere vs g\u00f6re strafor tabela sipari\u015fi verebilirsiniz. Nas\u0131l sipari\u015f verebilirsiniz;<\/p>\n<p>Alt k\u0131s\u0131mda yer alan sipari\u015f formunu doldurarak veya irtibat numaram\u0131zdan bizlerle ileti\u015fime ge\u00e7erek sipari\u015finizi verebilirsiniz.[\/vc_column_text][\/vc_column][vc_column width=&#8221;1\/3&#8243;][vc_gallery type=&#8221;image_grid&#8221; images=&#8221;1572,1573,1574,1575,1576,1577,1578,1579&#8243;][\/vc_column][\/vc_row][vc_row][vc_column width=&#8221;1\/2&#8243;][vc_column_text]<\/p>\n<h3><strong>Hemen Strafor Tabela Sipari\u015fi Verin!<\/strong><\/h3>\n<p>Strafor kesim \u00fcr\u00fcnleri yapt\u0131rmak isterseniz bizlerle ileti\u015fime ge\u00e7in<\/p>\n<p>\u0130vme Reklam firmas\u0131na sormak istedi\u011finiz soru \u00f6neri ve g\u00f6r\u00fc\u015flerinizi form arac\u0131l\u0131\u011f\u0131 ile bize iletebilirsiniz. Sorular\u0131n\u0131z\u0131 titizlikle inceleyip en k\u0131sa s\u00fcrede geri d\u00f6n\u00fc\u015f sa\u011flar\u0131z.<\/p>\n<p>Bizimle ileti\u015fim kurdu\u011funuz i\u00e7in te\u015fekk\u00fcr ederiz.<\/p>\n<h6><strong>TELEFONLA ULA\u015eMAK \u0130\u00c7\u0130N:<\/strong><br \/>\n0462 888 6 444<\/h6>\n<p>[\/vc_column_text][\/vc_column][vc_column width=&#8221;1\/2&#8243;]\n<div class=\"wpcf7 no-js\" id=\"wpcf7-f96-o1\" lang=\"en-US\" dir=\"ltr\">\n<div class=\"screen-reader-response\"><p role=\"status\" aria-live=\"polite\" aria-atomic=\"true\"><\/p> <ul><\/ul><\/div>\n<form action=\"\/index.php\/wp-json\/wp\/v2\/pages\/1571#wpcf7-f96-o1\" method=\"post\" class=\"wpcf7-form init\" aria-label=\"Contact form\" novalidate=\"novalidate\" data-status=\"init\">\n<div style=\"display: none;\">\n<input type=\"hidden\" name=\"_wpcf7\" value=\"96\" \/>\n<input type=\"hidden\" name=\"_wpcf7_version\" value=\"5.9.6\" \/>\n<input type=\"hidden\" name=\"_wpcf7_locale\" value=\"en_US\" \/>\n<input type=\"hidden\" name=\"_wpcf7_unit_tag\" value=\"wpcf7-f96-o1\" \/>\n<input type=\"hidden\" name=\"_wpcf7_container_post\" value=\"0\" \/>\n<input type=\"hidden\" name=\"_wpcf7_posted_data_hash\" value=\"\" \/>\n<\/div>\n<div class=\"form-style1 fx-cols-2\">\n\t<div class=\"form-column\">\n\t\t<p><span class=\"wpcf7-form-control-wrap\" data-name=\"text-305\"><input size=\"40\" maxlength=\"80\" class=\"wpcf7-form-control wpcf7-text\" aria-invalid=\"false\" placeholder=\"Ad\u0131n\u0131z\" value=\"\" type=\"text\" name=\"text-305\" \/><\/span>\n\t\t<\/p>\n\t<\/div>\n\t<div class=\"form-column\">\n\t\t<p><span class=\"wpcf7-form-control-wrap\" data-name=\"text-301\"><input size=\"40\" maxlength=\"80\" class=\"wpcf7-form-control wpcf7-text\" aria-invalid=\"false\" placeholder=\"Soyad\u0131n\u0131z\" value=\"\" type=\"text\" name=\"text-301\" \/><\/span>\n\t\t<\/p>\n\t<\/div>\n\t<div class=\"form-column\">\n\t\t<p><span class=\"wpcf7-form-control-wrap\" data-name=\"email-453\"><input size=\"40\" maxlength=\"80\" class=\"wpcf7-form-control wpcf7-email wpcf7-text wpcf7-validates-as-email\" aria-invalid=\"false\" placeholder=\"Email\" value=\"\" type=\"email\" name=\"email-453\" \/><\/span>\n\t\t<\/p>\n\t<\/div>\n\t<div class=\"form-column\">\n\t\t<p><span class=\"wpcf7-form-control-wrap\" data-name=\"text-302\"><input size=\"40\" maxlength=\"80\" class=\"wpcf7-form-control wpcf7-text\" aria-invalid=\"false\" placeholder=\"Telefon\" value=\"\" type=\"text\" name=\"text-302\" \/><\/span>\n\t\t<\/p>\n\t<\/div>\n\t<div class=\"form-column-full\">\n\t\t<p><span class=\"wpcf7-form-control-wrap\" data-name=\"menu-51\"><select class=\"wpcf7-form-control wpcf7-select\" aria-invalid=\"false\" name=\"menu-51\"><option value=\"B\u00f6l\u00fcm Se\u00e7in\">B\u00f6l\u00fcm Se\u00e7in<\/option><option value=\"Tabela\">Tabela<\/option><option value=\"Bask\u0131 Hizmeti\">Bask\u0131 Hizmeti<\/option><option value=\"CNC Kesim\">CNC Kesim<\/option><option value=\"Strafor Kesim\">Strafor Kesim<\/option><\/select><\/span>\n\t\t<\/p>\n\t<\/div>\n\t<div class=\"form-column-full\">\n\t\t<p><span class=\"wpcf7-form-control-wrap\" data-name=\"textarea-117\"><textarea cols=\"40\" rows=\"4\" maxlength=\"400\" class=\"wpcf7-form-control wpcf7-textarea\" aria-invalid=\"false\" placeholder=\"Mesaj\" name=\"textarea-117\"><\/textarea><\/span>\n\t\t<\/p>\n\t<\/div>\n\t<div class=\"form-column-full\">\n\t\t<p><input class=\"wpcf7-form-control wpcf7-submit has-spinner\" type=\"submit\" value=\"G\u00f6nder\" \/>\n\t\t<\/p>\n\t<\/div>\n<\/div><div class=\"wpcf7-response-output\" aria-hidden=\"true\"><\/div>\n<\/form>\n<\/div>\n[\/vc_column][\/vc_row]<\/p>\n","protected":false},"excerpt":{"rendered":"<p>[vc_row][vc_column][vc_empty_space][\/vc_column][\/vc_row][vc_row][vc_column width=&#8221;2\/3&#8243;][vc_column_text] Strafor Tabela Strafor Tabela malzemesi k\u00f6p\u00fck olan genel olarak i\u00e7 mek\u00e2nlarda kullan\u0131lan ancak d\u0131\u015f mekanlar i\u00e7inde kullan\u0131ma makul olan tabela \u00e7e\u015fididir. G\u00f6rsel olarak di\u011fer tabela \u00e7e\u015fitlerinden farkl\u0131d\u0131r. Haz\u0131rlanan reklam tabelas\u0131 genellikle \u00fc\u00e7 boyutlu olarak geli\u015ftirilmi\u015f ve geni\u015f\u00e7e bir y\u00fczeye resimli\u011fi ilgi \u00e7ekici boyutlarda monte edilir. Strafor tabela geli\u015ftirilen reklam \u00e7izimi k\u00f6p\u00fck malzeme \u00fczerine [&hellip;]<\/p>\n","protected":false},"author":1,"featured_media":0,"parent":0,"menu_order":0,"comment_status":"closed","ping_status":"closed","template":"","meta":{"footnotes":""},"_links":{"self":[{"href":"https:\/\/ivmereklam.com\/index.php\/wp-json\/wp\/v2\/pages\/1571"}],"collection":[{"href":"https:\/\/ivmereklam.com\/index.php\/wp-json\/wp\/v2\/pages"}],"about":[{"href":"https:\/\/ivmereklam.com\/index.php\/wp-json\/wp\/v2\/types\/page"}],"author":[{"embeddable":true,"href":"https:\/\/ivmereklam.com\/index.php\/wp-json\/wp\/v2\/users\/1"}],"replies":[{"embeddable":true,"href":"https:\/\/ivmereklam.com\/index.php\/wp-json\/wp\/v2\/comments?post=1571"}],"version-history":[{"count":1,"href":"https:\/\/ivmereklam.com\/index.php\/wp-json\/wp\/v2\/pages\/1571\/revisions"}],"predecessor-version":[{"id":1580,"href":"https:\/\/ivmereklam.com\/index.php\/wp-json\/wp\/v2\/pages\/1571\/revisions\/1580"}],"wp:attachment":[{"href":"https:\/\/ivmereklam.com\/index.php\/wp-json\/wp\/v2\/media?parent=1571"}],"curies":[{"name":"wp","href":"https:\/\/api.w.org\/{rel}","templated":true}]}}