{"id":1562,"date":"2019-10-11T19:09:00","date_gmt":"2019-10-11T19:09:00","guid":{"rendered":"https:\/\/ivmereklam.com\/?page_id=1562"},"modified":"2019-10-11T19:17:49","modified_gmt":"2019-10-11T19:17:49","slug":"strafor-harf","status":"publish","type":"page","link":"https:\/\/ivmereklam.com\/index.php\/strafor-harf\/","title":{"rendered":"Strafor Harf"},"content":{"rendered":"<p>[vc_row][vc_column][vc_empty_space][\/vc_column][\/vc_row][vc_row][vc_column width=&#8221;2\/3&#8243;][vc_column_text]<\/p>\n<h3><strong>Strafor Harf<\/strong><\/h3>\n<p>Strafor Kesim makinesi ile tamamen strafordan olu\u015fan 3 boyutlu yaz\u0131, logo, maskot vb. sipari\u015flerin kesimini ger\u00e7ekle\u015ftirmekteyiz. Harf kesimler firman\u0131z\u0131n imaj\u0131n\u0131 y\u00fckseltecek, tan\u0131t\u0131mlar\u0131n\u0131z\u0131 en dikkat \u00e7ekici \u015fekilde yans\u0131tacak, do\u011fum g\u00fcn\u00fc gibi organizasyonlarda dekoratif bir hava katacak ve dikkat \u00e7ekici nitelikte olacakt\u0131r.<\/p>\n<p>Tan\u0131t\u0131mlar\u0131n\u0131zda, seminerlerinizde, kutlamalar\u0131n\u0131zda hem dekoratif ama\u00e7l\u0131 hemde tan\u0131t\u0131m ama\u00e7l\u0131 kullanabilirsiniz. Kurumsal firmalar\u0131n yan\u0131 s\u0131ra nikah, d\u00fc\u011f\u00fcn, k\u0131na, do\u011fum g\u00fcn\u00fc gibi organizasyonlarda da strafor harfler \u00e7ok s\u0131k bir \u015fekilde tercih edilmektedir.<\/p>\n<p>\u00c7o\u011fu ba\u015far\u0131l\u0131 firmalar\u0131n, evlenerek hayatlar\u0131n\u0131 birle\u015ftiren \u00e7iftlerin veya yeni ya\u015f\u0131na girenlerin tercih edip kullanm\u0131\u015f oldu\u011fu harf kesim \u00fcr\u00fcnlerini firmam\u0131z ile ileti\u015fime ge\u00e7erek sizde harf kesim i\u015flerinizi profesyonel bir \u015fekilde yapt\u0131rabilirsiniz.<br \/>\nStrafor Harf Kullan\u0131m\u0131 Nerelerde Tercih Edilir?<\/p>\n<p>D\u00fc\u011f\u00fcn, Ni\u015fan, Do\u011fum g\u00fcn\u00fc, A\u00e7\u0131l\u0131\u015f, Fuar vb. organizasyonlarda tercih edilmektedir. Kullan\u0131ld\u0131\u011f\u0131 alana dekoratif bir hava katmaktad\u0131r. Genel anlamda i\u00e7 mekan \u00fcr\u00fcn\u00fcd\u00fcr ve i\u00e7 mekanda uzun s\u00fcre kullan\u0131labilir. Olduk\u00e7a uygun maliyeti sayesinde uygun fiyata organizasyonlar\u0131n\u0131z\u0131 renklendirebilirsiniz.<\/p>\n<h3><strong>Hemen Strafor Harf Sipari\u015fi Verin!<\/strong><\/h3>\n<p>A\u00e7\u0131l\u0131\u015flar\u0131n\u0131z\u0131, organizasyonlar\u0131n\u0131z\u0131, \u00fcr\u00fcn tan\u0131t\u0131m\u0131 gibi fuar ve seminerlerinizi renklendirmek i\u00e7in vakit kaybetmeyin. \u0130stedi\u011finiz ebatlarda ve \u00f6zelliklerde strafor harf sipari\u015fi verin. En uygun fiyata en kaliteli tan\u0131t\u0131m\u0131n\u0131z\u0131, dekorlar\u0131n\u0131z\u0131 yap\u0131n. Alt k\u0131s\u0131mda yer alan sipari\u015f formunu doldurarak veya irtibat numaram\u0131zdan bizlerle ileti\u015fime ge\u00e7erek sipari\u015finizi verebilirsiniz.[\/vc_column_text][\/vc_column][vc_column width=&#8221;1\/3&#8243;][vc_gallery type=&#8221;image_grid&#8221; images=&#8221;1568,1559,1557,1556,1555,1554,1552,1492&#8243;][\/vc_column][\/vc_row][vc_row][vc_column width=&#8221;1\/2&#8243;][vc_column_text]<\/p>\n<h3><strong>Hemen Strafor Harf Sipari\u015fi Verin!<\/strong><\/h3>\n<p>Strafor kesim \u00fcr\u00fcnleri yapt\u0131rmak isterseniz bizlerle ileti\u015fime ge\u00e7in<\/p>\n<p>\u0130vme Reklam firmas\u0131na sormak istedi\u011finiz soru \u00f6neri ve g\u00f6r\u00fc\u015flerinizi form arac\u0131l\u0131\u011f\u0131 ile bize iletebilirsiniz. Sorular\u0131n\u0131z\u0131 titizlikle inceleyip en k\u0131sa s\u00fcrede geri d\u00f6n\u00fc\u015f sa\u011flar\u0131z.<\/p>\n<p>Bizimle ileti\u015fim kurdu\u011funuz i\u00e7in te\u015fekk\u00fcr ederiz.<\/p>\n<h6><strong>TELEFONLA ULA\u015eMAK \u0130\u00c7\u0130N:<\/strong><br \/>\n0462 888 6 444<\/h6>\n<p>[\/vc_column_text][\/vc_column][vc_column width=&#8221;1\/2&#8243;]\n<div class=\"wpcf7 no-js\" id=\"wpcf7-f96-o1\" lang=\"en-US\" dir=\"ltr\">\n<div class=\"screen-reader-response\"><p role=\"status\" aria-live=\"polite\" aria-atomic=\"true\"><\/p> <ul><\/ul><\/div>\n<form action=\"\/index.php\/wp-json\/wp\/v2\/pages\/1562#wpcf7-f96-o1\" method=\"post\" class=\"wpcf7-form init\" aria-label=\"Contact form\" novalidate=\"novalidate\" data-status=\"init\">\n<div style=\"display: none;\">\n<input type=\"hidden\" name=\"_wpcf7\" value=\"96\" \/>\n<input type=\"hidden\" name=\"_wpcf7_version\" value=\"5.9.6\" \/>\n<input type=\"hidden\" name=\"_wpcf7_locale\" value=\"en_US\" \/>\n<input type=\"hidden\" name=\"_wpcf7_unit_tag\" value=\"wpcf7-f96-o1\" \/>\n<input type=\"hidden\" name=\"_wpcf7_container_post\" value=\"0\" \/>\n<input type=\"hidden\" name=\"_wpcf7_posted_data_hash\" value=\"\" \/>\n<\/div>\n<div class=\"form-style1 fx-cols-2\">\n\t<div class=\"form-column\">\n\t\t<p><span class=\"wpcf7-form-control-wrap\" data-name=\"text-305\"><input size=\"40\" maxlength=\"80\" class=\"wpcf7-form-control wpcf7-text\" aria-invalid=\"false\" placeholder=\"Ad\u0131n\u0131z\" value=\"\" type=\"text\" name=\"text-305\" \/><\/span>\n\t\t<\/p>\n\t<\/div>\n\t<div class=\"form-column\">\n\t\t<p><span class=\"wpcf7-form-control-wrap\" data-name=\"text-301\"><input size=\"40\" maxlength=\"80\" class=\"wpcf7-form-control wpcf7-text\" aria-invalid=\"false\" placeholder=\"Soyad\u0131n\u0131z\" value=\"\" type=\"text\" name=\"text-301\" \/><\/span>\n\t\t<\/p>\n\t<\/div>\n\t<div class=\"form-column\">\n\t\t<p><span class=\"wpcf7-form-control-wrap\" data-name=\"email-453\"><input size=\"40\" maxlength=\"80\" class=\"wpcf7-form-control wpcf7-email wpcf7-text wpcf7-validates-as-email\" aria-invalid=\"false\" placeholder=\"Email\" value=\"\" type=\"email\" name=\"email-453\" \/><\/span>\n\t\t<\/p>\n\t<\/div>\n\t<div class=\"form-column\">\n\t\t<p><span class=\"wpcf7-form-control-wrap\" data-name=\"text-302\"><input size=\"40\" maxlength=\"80\" class=\"wpcf7-form-control wpcf7-text\" aria-invalid=\"false\" placeholder=\"Telefon\" value=\"\" type=\"text\" name=\"text-302\" \/><\/span>\n\t\t<\/p>\n\t<\/div>\n\t<div class=\"form-column-full\">\n\t\t<p><span class=\"wpcf7-form-control-wrap\" data-name=\"menu-51\"><select class=\"wpcf7-form-control wpcf7-select\" aria-invalid=\"false\" name=\"menu-51\"><option value=\"B\u00f6l\u00fcm Se\u00e7in\">B\u00f6l\u00fcm Se\u00e7in<\/option><option value=\"Tabela\">Tabela<\/option><option value=\"Bask\u0131 Hizmeti\">Bask\u0131 Hizmeti<\/option><option value=\"CNC Kesim\">CNC Kesim<\/option><option value=\"Strafor Kesim\">Strafor Kesim<\/option><\/select><\/span>\n\t\t<\/p>\n\t<\/div>\n\t<div class=\"form-column-full\">\n\t\t<p><span class=\"wpcf7-form-control-wrap\" data-name=\"textarea-117\"><textarea cols=\"40\" rows=\"4\" maxlength=\"400\" class=\"wpcf7-form-control wpcf7-textarea\" aria-invalid=\"false\" placeholder=\"Mesaj\" name=\"textarea-117\"><\/textarea><\/span>\n\t\t<\/p>\n\t<\/div>\n\t<div class=\"form-column-full\">\n\t\t<p><input class=\"wpcf7-form-control wpcf7-submit has-spinner\" type=\"submit\" value=\"G\u00f6nder\" \/>\n\t\t<\/p>\n\t<\/div>\n<\/div><div class=\"wpcf7-response-output\" aria-hidden=\"true\"><\/div>\n<\/form>\n<\/div>\n[\/vc_column][\/vc_row]<\/p>\n","protected":false},"excerpt":{"rendered":"<p>[vc_row][vc_column][vc_empty_space][\/vc_column][\/vc_row][vc_row][vc_column width=&#8221;2\/3&#8243;][vc_column_text] Strafor Harf Strafor Kesim makinesi ile tamamen strafordan olu\u015fan 3 boyutlu yaz\u0131, logo, maskot vb. sipari\u015flerin kesimini ger\u00e7ekle\u015ftirmekteyiz. Harf kesimler firman\u0131z\u0131n imaj\u0131n\u0131 y\u00fckseltecek, tan\u0131t\u0131mlar\u0131n\u0131z\u0131 en dikkat \u00e7ekici \u015fekilde yans\u0131tacak, do\u011fum g\u00fcn\u00fc gibi organizasyonlarda dekoratif bir hava katacak ve dikkat \u00e7ekici nitelikte olacakt\u0131r. Tan\u0131t\u0131mlar\u0131n\u0131zda, seminerlerinizde, kutlamalar\u0131n\u0131zda hem dekoratif ama\u00e7l\u0131 hemde tan\u0131t\u0131m ama\u00e7l\u0131 kullanabilirsiniz. Kurumsal [&hellip;]<\/p>\n","protected":false},"author":1,"featured_media":0,"parent":0,"menu_order":0,"comment_status":"closed","ping_status":"closed","template":"","meta":{"footnotes":""},"_links":{"self":[{"href":"https:\/\/ivmereklam.com\/index.php\/wp-json\/wp\/v2\/pages\/1562"}],"collection":[{"href":"https:\/\/ivmereklam.com\/index.php\/wp-json\/wp\/v2\/pages"}],"about":[{"href":"https:\/\/ivmereklam.com\/index.php\/wp-json\/wp\/v2\/types\/page"}],"author":[{"embeddable":true,"href":"https:\/\/ivmereklam.com\/index.php\/wp-json\/wp\/v2\/users\/1"}],"replies":[{"embeddable":true,"href":"https:\/\/ivmereklam.com\/index.php\/wp-json\/wp\/v2\/comments?post=1562"}],"version-history":[{"count":3,"href":"https:\/\/ivmereklam.com\/index.php\/wp-json\/wp\/v2\/pages\/1562\/revisions"}],"predecessor-version":[{"id":1569,"href":"https:\/\/ivmereklam.com\/index.php\/wp-json\/wp\/v2\/pages\/1562\/revisions\/1569"}],"wp:attachment":[{"href":"https:\/\/ivmereklam.com\/index.php\/wp-json\/wp\/v2\/media?parent=1562"}],"curies":[{"name":"wp","href":"https:\/\/api.w.org\/{rel}","templated":true}]}}