{"id":1531,"date":"2019-10-11T12:31:42","date_gmt":"2019-10-11T12:31:42","guid":{"rendered":"https:\/\/ivmereklam.com\/?page_id=1531"},"modified":"2019-10-11T19:05:30","modified_gmt":"2019-10-11T19:05:30","slug":"denemee","status":"publish","type":"page","link":"https:\/\/ivmereklam.com\/index.php\/denemee\/","title":{"rendered":"Strafor Kesim"},"content":{"rendered":"<p>[vc_row][vc_column][vc_empty_space][\/vc_column][\/vc_row][vc_row][vc_column width=&#8221;2\/3&#8243;][vc_column_text]<\/p>\n<h3><strong>Strafor Kesim<\/strong><\/h3>\n<p>Strafor kesim veya k\u00f6p\u00fck kesimde istedi\u011finiz logo, yaz\u0131 ve \u015fekilleri, bilgisayar kontroll\u00fc makine ile folyo kesim hassasiyetinde 2 boyutlu olarak, istenilen boyut ve renklerde \u00e7al\u0131\u015f\u0131yoruz.<\/p>\n<p>\u00d6zellikle i\u00e7 mekanlara y\u00f6nelik bu k\u00f6p\u00fck harf ve logo \u00e7al\u0131\u015fmalar\u0131 ucuz maliyetlerinin yan\u0131 s\u0131ra firman\u0131z\u0131n tan\u0131t\u0131m\u0131n\u0131 daha iyi yaparak di\u011ferlerinden bir ad\u0131m \u00f6nde olman\u0131z\u0131 sa\u011flayacakt\u0131r.<\/p>\n<p>Ba\u015fl\u0131ca hizmetlerimiz: strafor kesim, harf kesim, k\u00f6p\u00fck harf, strafor logo, k\u00f6p\u00fck logo, k\u00f6p\u00fck harf kesim, k\u00f6p\u00fck harfler, strafor harf, kabartma harf, k\u00f6p\u00fck yaz\u0131, 3d strafor, strafor yaz\u0131, k\u00f6p\u00fck tabela, kabartma strafor yaz\u0131, strafor harf kesim, k\u00f6p\u00fck kesim, k\u00f6p\u00fck maket, strafor bask\u0131l\u0131 kesim, strafor k\u00f6p\u00fck kesim<\/p>\n<p>Strafor Kesim, K\u00f6p\u00fck Kesim, 3D Strafor Kesim veya bunlar\u0131n d\u0131\u015f\u0131nda herhangi bir hizmetimizi ald\u0131\u011f\u0131n\u0131zda sizin talebinize g\u00f6re \u00fcr\u00fcnlerin bitmi\u015f halini yerimizden alabilirsiniz ya da size kargo yolu ile g\u00f6nderebiliriz.<br \/>\nHarf Kesim, Harf Kesme, Logo Kesim veya bunlar\u0131n d\u0131\u015f\u0131nda ald\u0131\u011f\u0131n\u0131z herhangi bir hizmeti size i\u015f ba\u015flang\u0131c\u0131nda belirledi\u011fimiz s\u00fcrede bitirmek en \u00f6nemli hassasiyetimizdir.<\/p>\n<p>Faaliyetlerimizden biri olan bilgisayarl\u0131 strafor (k\u00f6p\u00fck) kesiminde istedi\u011finiz logo, yaz\u0131 ve \u015fekilleri, folyo kesim hassasiyetinde 2 boyutlu olarak, istenilen \u00f6l\u00e7\u00fcde kesip boyuyoruz.<\/p>\n<h3><strong>Kullan\u0131m Alanlar\u0131 Nerelerdir?<\/strong><\/h3>\n<p>\u00d6zellikle i\u00e7 mekanlara y\u00f6nelik bu k\u00f6p\u00fck harf ve logo \u00e7al\u0131\u015fmalar\u0131 ucuz maliyetlerinin yan\u0131 s\u0131ra firman\u0131z\u0131n tan\u0131t\u0131m\u0131n\u0131 daha iyi yaparak di\u011ferlerinden bir ad\u0131m \u00f6nde olman\u0131z\u0131 sa\u011flayacakt\u0131r.<br \/>\nAVM, Fuar, Sempozyum, Ma\u011faza a\u00e7\u0131l\u0131\u015f\u0131 &amp; D\u00fc\u011f\u00fcn, Ni\u015fan, Do\u011fum g\u00fcn\u00fc etkinliklerinizde strafor \u00fcr\u00fcnlerimiz ile sizlere hizmet veriyoruz.<\/p>\n<h3><strong>Nas\u0131l Strafor \u00dcr\u00fcn Sipari\u015fi Verebilirim?<\/strong><\/h3>\n<p>AVM, Tan\u0131t\u0131m, Fuar, A\u00e7\u0131l\u0131\u015f, D\u00fc\u011f\u00fcn, Ni\u015fan, Do\u011fum g\u00fcn\u00fc vb. organizasyonlar\u0131n\u0131zda strafor \u00fcr\u00fcnlerimizi tercih etmeniz durumunda sizlere profesyonel \u00e7\u00f6z\u00fcmler sunmaktay\u0131z. A\u015fa\u011f\u0131daki formu doldurarak veya telefon numaralar\u0131m\u0131zdan bizlerle ileti\u015fime ge\u00e7erek daha detayl\u0131 bilgi alabilir veya siperi\u015finizi verebilirsiniz.[\/vc_column_text][\/vc_column][vc_column width=&#8221;1\/3&#8243;][vc_gallery type=&#8221;image_grid&#8221; images=&#8221;1552,1553,1554,1555,1556,1557,1558,1559&#8243;][\/vc_column][\/vc_row][vc_row][vc_column width=&#8221;1\/2&#8243;][vc_column_text]<\/p>\n<h3><strong>Hemen Strafor Sipari\u015fi Verin!<\/strong><\/h3>\n<p>Strafor kesim \u00fcr\u00fcnleri yapt\u0131rmak isterseniz bizlerle ileti\u015fime ge\u00e7in<\/p>\n<p>\u0130vme Reklam firmas\u0131na sormak istedi\u011finiz soru \u00f6neri ve g\u00f6r\u00fc\u015flerinizi form arac\u0131l\u0131\u011f\u0131 ile bize iletebilirsiniz. Sorular\u0131n\u0131z\u0131 titizlikle inceleyip en k\u0131sa s\u00fcrede geri d\u00f6n\u00fc\u015f sa\u011flar\u0131z.<\/p>\n<p>Bizimle ileti\u015fim kurdu\u011funuz i\u00e7in te\u015fekk\u00fcr ederiz.<\/p>\n<h6><strong>TELEFONLA ULA\u015eMAK \u0130\u00c7\u0130N:<\/strong><br \/>\n0462 888 6 444<\/h6>\n<p>[\/vc_column_text][\/vc_column][vc_column width=&#8221;1\/2&#8243;]\n<div class=\"wpcf7 no-js\" id=\"wpcf7-f96-o1\" lang=\"en-US\" dir=\"ltr\">\n<div class=\"screen-reader-response\"><p role=\"status\" aria-live=\"polite\" aria-atomic=\"true\"><\/p> <ul><\/ul><\/div>\n<form action=\"\/index.php\/wp-json\/wp\/v2\/pages\/1531#wpcf7-f96-o1\" method=\"post\" class=\"wpcf7-form init\" aria-label=\"Contact form\" novalidate=\"novalidate\" data-status=\"init\">\n<div style=\"display: none;\">\n<input type=\"hidden\" name=\"_wpcf7\" value=\"96\" \/>\n<input type=\"hidden\" name=\"_wpcf7_version\" value=\"5.9.6\" \/>\n<input type=\"hidden\" name=\"_wpcf7_locale\" value=\"en_US\" \/>\n<input type=\"hidden\" name=\"_wpcf7_unit_tag\" value=\"wpcf7-f96-o1\" \/>\n<input type=\"hidden\" name=\"_wpcf7_container_post\" value=\"0\" \/>\n<input type=\"hidden\" name=\"_wpcf7_posted_data_hash\" value=\"\" \/>\n<\/div>\n<div class=\"form-style1 fx-cols-2\">\n\t<div class=\"form-column\">\n\t\t<p><span class=\"wpcf7-form-control-wrap\" data-name=\"text-305\"><input size=\"40\" maxlength=\"80\" class=\"wpcf7-form-control wpcf7-text\" aria-invalid=\"false\" placeholder=\"Ad\u0131n\u0131z\" value=\"\" type=\"text\" name=\"text-305\" \/><\/span>\n\t\t<\/p>\n\t<\/div>\n\t<div class=\"form-column\">\n\t\t<p><span class=\"wpcf7-form-control-wrap\" data-name=\"text-301\"><input size=\"40\" maxlength=\"80\" class=\"wpcf7-form-control wpcf7-text\" aria-invalid=\"false\" placeholder=\"Soyad\u0131n\u0131z\" value=\"\" type=\"text\" name=\"text-301\" \/><\/span>\n\t\t<\/p>\n\t<\/div>\n\t<div class=\"form-column\">\n\t\t<p><span class=\"wpcf7-form-control-wrap\" data-name=\"email-453\"><input size=\"40\" maxlength=\"80\" class=\"wpcf7-form-control wpcf7-email wpcf7-text wpcf7-validates-as-email\" aria-invalid=\"false\" placeholder=\"Email\" value=\"\" type=\"email\" name=\"email-453\" \/><\/span>\n\t\t<\/p>\n\t<\/div>\n\t<div class=\"form-column\">\n\t\t<p><span class=\"wpcf7-form-control-wrap\" data-name=\"text-302\"><input size=\"40\" maxlength=\"80\" class=\"wpcf7-form-control wpcf7-text\" aria-invalid=\"false\" placeholder=\"Telefon\" value=\"\" type=\"text\" name=\"text-302\" \/><\/span>\n\t\t<\/p>\n\t<\/div>\n\t<div class=\"form-column-full\">\n\t\t<p><span class=\"wpcf7-form-control-wrap\" data-name=\"menu-51\"><select class=\"wpcf7-form-control wpcf7-select\" aria-invalid=\"false\" name=\"menu-51\"><option value=\"B\u00f6l\u00fcm Se\u00e7in\">B\u00f6l\u00fcm Se\u00e7in<\/option><option value=\"Tabela\">Tabela<\/option><option value=\"Bask\u0131 Hizmeti\">Bask\u0131 Hizmeti<\/option><option value=\"CNC Kesim\">CNC Kesim<\/option><option value=\"Strafor Kesim\">Strafor Kesim<\/option><\/select><\/span>\n\t\t<\/p>\n\t<\/div>\n\t<div class=\"form-column-full\">\n\t\t<p><span class=\"wpcf7-form-control-wrap\" data-name=\"textarea-117\"><textarea cols=\"40\" rows=\"4\" maxlength=\"400\" class=\"wpcf7-form-control wpcf7-textarea\" aria-invalid=\"false\" placeholder=\"Mesaj\" name=\"textarea-117\"><\/textarea><\/span>\n\t\t<\/p>\n\t<\/div>\n\t<div class=\"form-column-full\">\n\t\t<p><input class=\"wpcf7-form-control wpcf7-submit has-spinner\" type=\"submit\" value=\"G\u00f6nder\" \/>\n\t\t<\/p>\n\t<\/div>\n<\/div><div class=\"wpcf7-response-output\" aria-hidden=\"true\"><\/div>\n<\/form>\n<\/div>\n[\/vc_column][\/vc_row]<\/p>\n","protected":false},"excerpt":{"rendered":"<p>[vc_row][vc_column][vc_empty_space][\/vc_column][\/vc_row][vc_row][vc_column width=&#8221;2\/3&#8243;][vc_column_text] Strafor Kesim Strafor kesim veya k\u00f6p\u00fck kesimde istedi\u011finiz logo, yaz\u0131 ve \u015fekilleri, bilgisayar kontroll\u00fc makine ile folyo kesim hassasiyetinde 2 boyutlu olarak, istenilen boyut ve renklerde \u00e7al\u0131\u015f\u0131yoruz. \u00d6zellikle i\u00e7 mekanlara y\u00f6nelik bu k\u00f6p\u00fck harf ve logo \u00e7al\u0131\u015fmalar\u0131 ucuz maliyetlerinin yan\u0131 s\u0131ra firman\u0131z\u0131n tan\u0131t\u0131m\u0131n\u0131 daha iyi yaparak di\u011ferlerinden bir ad\u0131m \u00f6nde olman\u0131z\u0131 sa\u011flayacakt\u0131r. Ba\u015fl\u0131ca [&hellip;]<\/p>\n","protected":false},"author":1,"featured_media":0,"parent":0,"menu_order":0,"comment_status":"closed","ping_status":"closed","template":"","meta":{"footnotes":""},"_links":{"self":[{"href":"https:\/\/ivmereklam.com\/index.php\/wp-json\/wp\/v2\/pages\/1531"}],"collection":[{"href":"https:\/\/ivmereklam.com\/index.php\/wp-json\/wp\/v2\/pages"}],"about":[{"href":"https:\/\/ivmereklam.com\/index.php\/wp-json\/wp\/v2\/types\/page"}],"author":[{"embeddable":true,"href":"https:\/\/ivmereklam.com\/index.php\/wp-json\/wp\/v2\/users\/1"}],"replies":[{"embeddable":true,"href":"https:\/\/ivmereklam.com\/index.php\/wp-json\/wp\/v2\/comments?post=1531"}],"version-history":[{"count":17,"href":"https:\/\/ivmereklam.com\/index.php\/wp-json\/wp\/v2\/pages\/1531\/revisions"}],"predecessor-version":[{"id":1560,"href":"https:\/\/ivmereklam.com\/index.php\/wp-json\/wp\/v2\/pages\/1531\/revisions\/1560"}],"wp:attachment":[{"href":"https:\/\/ivmereklam.com\/index.php\/wp-json\/wp\/v2\/media?parent=1531"}],"curies":[{"name":"wp","href":"https:\/\/api.w.org\/{rel}","templated":true}]}}